{"id":45196,"date":"2024-10-11T11:05:08","date_gmt":"2024-10-11T09:05:08","guid":{"rendered":"https:\/\/scratcher.io\/?page_id=45196"},"modified":"2025-03-17T13:10:25","modified_gmt":"2025-03-17T12:10:25","slug":"boosting-b2b-engagement-with-gamification-strategier-til-2025","status":"publish","type":"page","link":"https:\/\/scratcher.io\/da\/webinars-and-podcasts\/boosting-b2b-engagement-with-gamification-strategier-til-2025\/","title":{"rendered":"\u00d8g B2B-engagement med gamification: Strategier for 2025"},"content":{"rendered":"\t\t<div data-elementor-type=\"wp-page\" data-elementor-id=\"45196\" class=\"elementor elementor-45196\" data-elementor-post-type=\"page\">\n\t\t\t\t\t\t<section class=\"elementor-section elementor-top-section elementor-element elementor-element-096e0a5 elementor-section-boxed elementor-section-height-default elementor-section-height-default\" data-id=\"096e0a5\" data-element_type=\"section\">\n\t\t\t\t\t\t\t<div class=\"elementor-background-overlay\"><\/div>\n\t\t\t\t\t\t\t<div class=\"elementor-container elementor-column-gap-default\">\n\t\t\t\t\t<div class=\"elementor-column elementor-col-100 elementor-top-column elementor-element elementor-element-937542d\" data-id=\"937542d\" data-element_type=\"column\">\n\t\t\t<div class=\"elementor-widget-wrap elementor-element-populated\">\n\t\t\t\t\t\t<div class=\"elementor-element elementor-element-819d789 elementor-widget elementor-widget-spacer\" data-id=\"819d789\" data-element_type=\"widget\" data-widget_type=\"spacer.default\">\n\t\t\t\t<div class=\"elementor-widget-container\">\n\t\t\t\t\t<div class=\"elementor-spacer\">\n\t\t\t<div class=\"elementor-spacer-inner\"><\/div>\n\t\t<\/div>\n\t\t\t\t<\/div>\n\t\t\t\t<\/div>\n\t\t\t\t<div class=\"elementor-element elementor-element-e3dbc7a elementor-widget elementor-widget-image\" data-id=\"e3dbc7a\" data-element_type=\"widget\" data-widget_type=\"image.default\">\n\t\t\t\t<div class=\"elementor-widget-container\">\n\t\t\t\t\t\t\t\t\t\t\t\t\t<img fetchpriority=\"high\" decoding=\"async\" width=\"1761\" height=\"503\" src=\"https:\/\/scratcher.io\/wp-content\/uploads\/2024\/10\/B2B_header-1761x503-1-1.png\" class=\"attachment-full size-full wp-image-45325\" alt=\"\" srcset=\"https:\/\/scratcher.io\/wp-content\/uploads\/2024\/10\/B2B_header-1761x503-1-1.png 1761w, https:\/\/scratcher.io\/wp-content\/uploads\/2024\/10\/B2B_header-1761x503-1-1-300x86.png 300w, https:\/\/scratcher.io\/wp-content\/uploads\/2024\/10\/B2B_header-1761x503-1-1-1024x292.png 1024w, https:\/\/scratcher.io\/wp-content\/uploads\/2024\/10\/B2B_header-1761x503-1-1-768x219.png 768w, https:\/\/scratcher.io\/wp-content\/uploads\/2024\/10\/B2B_header-1761x503-1-1-1536x439.png 1536w\" sizes=\"(max-width: 1761px) 100vw, 1761px\" \/>\t\t\t\t\t\t\t\t\t\t\t\t\t<\/div>\n\t\t\t\t<\/div>\n\t\t\t\t<div class=\"elementor-element elementor-element-704ab22 elementor-widget elementor-widget-spacer\" data-id=\"704ab22\" data-element_type=\"widget\" data-widget_type=\"spacer.default\">\n\t\t\t\t<div class=\"elementor-widget-container\">\n\t\t\t\t\t<div class=\"elementor-spacer\">\n\t\t\t<div class=\"elementor-spacer-inner\"><\/div>\n\t\t<\/div>\n\t\t\t\t<\/div>\n\t\t\t\t<\/div>\n\t\t\t\t<div class=\"elementor-element elementor-element-5a0425c elementor-widget elementor-widget-heading\" data-id=\"5a0425c\" data-element_type=\"widget\" data-widget_type=\"heading.default\">\n\t\t\t\t<div class=\"elementor-widget-container\">\n\t\t\t<h1 class=\"elementor-heading-title elementor-size-default\">\u00d8g B2B-engagement med gamification: Strategier til 2025\n\n<\/h1>\t\t<\/div>\n\t\t\t\t<\/div>\n\t\t\t\t<div class=\"elementor-element elementor-element-067f398 elementor-widget elementor-widget-text-editor\" data-id=\"067f398\" data-element_type=\"widget\" data-widget_type=\"text-editor.default\">\n\t\t\t\t<div class=\"elementor-widget-container\">\n\t\t\t\t\t\t\t<h2>F\u00e5 de nyeste gamification trends og strategier skr\u00e6ddersyet til B2B-marketing i det kommende \u00e5r.<\/h2>\t\t\t\t\t\t<\/div>\n\t\t\t\t<\/div>\n\t\t\t\t<div class=\"elementor-element elementor-element-b8536ba elementor-widget elementor-widget-spacer\" data-id=\"b8536ba\" data-element_type=\"widget\" data-widget_type=\"spacer.default\">\n\t\t\t\t<div class=\"elementor-widget-container\">\n\t\t\t\t\t<div class=\"elementor-spacer\">\n\t\t\t<div class=\"elementor-spacer-inner\"><\/div>\n\t\t<\/div>\n\t\t\t\t<\/div>\n\t\t\t\t<\/div>\n\t\t\t\t<div class=\"elementor-element elementor-element-f4d05ed elementor-widget elementor-widget-heading\" data-id=\"f4d05ed\" data-element_type=\"widget\" data-widget_type=\"heading.default\">\n\t\t\t\t<div class=\"elementor-widget-container\">\n\t\t\t<h2 class=\"elementor-heading-title elementor-size-default\">Se on-demand \ud83c\udfa5<\/h2>\t\t<\/div>\n\t\t\t\t<\/div>\n\t\t<div class=\"elementor-element elementor-element-bc1fed7 e-grid e-con-boxed e-con e-parent\" data-id=\"bc1fed7\" data-element_type=\"container\">\n\t\t\t\t\t<div class=\"e-con-inner\">\n\t\t\t\t<div class=\"elementor-element elementor-element-9281eee elementor-widget elementor-widget-html\" data-id=\"9281eee\" data-element_type=\"widget\" data-widget_type=\"html.default\">\n\t\t\t\t<div class=\"elementor-widget-container\">\n\t\t\t<!-- WebinarNinja embedding registration form -->\r\n<iframe style=\"min-width: 320px; width: 100%; height: 0; border: 0; overflow: hidden;\"\r\n        class=\"webinarninja-embedding-registration-form-9049\"\r\n        src=\"https:\/\/my.webinarninja.com\/embedding-form\/9049\"><\/iframe>\r\n<script>function updateIframe(e){switch(e.type){case\"resizeIframe\":this.style.height=e.height+\"px\";break;case\"iframeDownloadFailed\":this.hidden=!0;break;default:return}}window.addEventListener(\"message\",function(e){var a=document.querySelectorAll(e.data.id);[].forEach.call(a,function(a){updateIframe.call(a,e.data)})});<\/script>\r\n\t\t<\/div>\n\t\t\t\t<\/div>\n\t\t\t\t\t<\/div>\n\t\t\t\t<\/div>\n\t\t\t\t<div class=\"elementor-element elementor-element-e95b5fd elementor-widget elementor-widget-video\" data-id=\"e95b5fd\" data-element_type=\"widget\" data-settings=\"{&quot;youtube_url&quot;:&quot;https:\\\/\\\/youtu.be\\\/DKjfUK5oDpw&quot;,&quot;modestbranding&quot;:&quot;yes&quot;,&quot;video_type&quot;:&quot;youtube&quot;,&quot;controls&quot;:&quot;yes&quot;}\" data-widget_type=\"video.default\">\n\t\t\t\t<div class=\"elementor-widget-container\">\n\t\t\t\t\t<div class=\"elementor-wrapper elementor-open-inline\">\n\t\t\t<div class=\"elementor-video\"><\/div>\t\t<\/div>\n\t\t\t\t<\/div>\n\t\t\t\t<\/div>\n\t\t\t\t<div class=\"elementor-element elementor-element-f8e8606 elementor-widget elementor-widget-spacer\" data-id=\"f8e8606\" data-element_type=\"widget\" data-widget_type=\"spacer.default\">\n\t\t\t\t<div class=\"elementor-widget-container\">\n\t\t\t\t\t<div class=\"elementor-spacer\">\n\t\t\t<div class=\"elementor-spacer-inner\"><\/div>\n\t\t<\/div>\n\t\t\t\t<\/div>\n\t\t\t\t<\/div>\n\t\t\t\t<div class=\"elementor-element elementor-element-8c677cf elementor-widget elementor-widget-spacer\" data-id=\"8c677cf\" data-element_type=\"widget\" data-widget_type=\"spacer.default\">\n\t\t\t\t<div class=\"elementor-widget-container\">\n\t\t\t\t\t<div class=\"elementor-spacer\">\n\t\t\t<div class=\"elementor-spacer-inner\"><\/div>\n\t\t<\/div>\n\t\t\t\t<\/div>\n\t\t\t\t<\/div>\n\t\t\t\t<div class=\"elementor-element elementor-element-f838d81 elementor-widget elementor-widget-heading\" data-id=\"f838d81\" data-element_type=\"widget\" data-widget_type=\"heading.default\">\n\t\t\t\t<div class=\"elementor-widget-container\">\n\t\t\t<h2 class=\"elementor-heading-title elementor-size-default\">Om talerne: <\/h2>\t\t<\/div>\n\t\t\t\t<\/div>\n\t\t<div class=\"elementor-element elementor-element-937d338 e-grid e-con-boxed e-con e-parent\" data-id=\"937d338\" data-element_type=\"container\">\n\t\t\t\t\t<div class=\"e-con-inner\">\n\t\t\t\t<div class=\"elementor-element elementor-element-62b1329 elementor-position-top elementor-widget elementor-widget-image-box\" data-id=\"62b1329\" data-element_type=\"widget\" data-widget_type=\"image-box.default\">\n\t\t\t\t<div class=\"elementor-widget-container\">\n\t\t\t<div class=\"elementor-image-box-wrapper\"><figure class=\"elementor-image-box-img\"><a href=\"https:\/\/www.danishexport.dk\/\" tabindex=\"-1\"><img decoding=\"async\" width=\"1186\" height=\"422\" src=\"https:\/\/scratcher.io\/wp-content\/uploads\/2024\/10\/TOBIAS_-2.png\" class=\"attachment-full size-full wp-image-45334\" alt=\"\" srcset=\"https:\/\/scratcher.io\/wp-content\/uploads\/2024\/10\/TOBIAS_-2.png 1186w, https:\/\/scratcher.io\/wp-content\/uploads\/2024\/10\/TOBIAS_-2-300x107.png 300w, https:\/\/scratcher.io\/wp-content\/uploads\/2024\/10\/TOBIAS_-2-1024x364.png 1024w, https:\/\/scratcher.io\/wp-content\/uploads\/2024\/10\/TOBIAS_-2-768x273.png 768w\" sizes=\"(max-width: 1186px) 100vw, 1186px\" \/><\/a><\/figure><div class=\"elementor-image-box-content\"><h3 class=\"elementor-image-box-title\"><a href=\"https:\/\/www.danishexport.dk\/\">Tobias Egmose, CMO hos Danish Export Association<\/a><\/h3><p class=\"elementor-image-box-description\">Tobias er Head of Marketing & Communication hos Danish Export Association, hvor han hj\u00e6lper 700 medlemsvirksomheder med at komme ind p\u00e5 nye markeder og vokse gennem internationalt salg. \n\nSom marketingprofessionel er Tobias ikke tilfreds med status quo. Han er aktiv i at forme marketingstrategier og brandudvikling og arbejder sammen med et dedikeret team om at gent\u00e6nke essensen af B2B-marketing.\n\nTobias' erfaring sp\u00e6nder over NGO'er, start-ups, bureauer og virksomheder, hvilket g\u00f8r ham til en v\u00e6rdifuld r\u00e5dgiver. Han har ogs\u00e5 v\u00e6ret aktiv i flere advisory boards og er netop blevet udn\u00e6vnt til jury-medlem for Clever Content Awards.<\/p><\/div><\/div>\t\t<\/div>\n\t\t\t\t<\/div>\n\t\t\t\t<div class=\"elementor-element elementor-element-4999136 elementor-position-top elementor-widget elementor-widget-image-box\" data-id=\"4999136\" data-element_type=\"widget\" data-widget_type=\"image-box.default\">\n\t\t\t\t<div class=\"elementor-widget-container\">\n\t\t\t<div class=\"elementor-image-box-wrapper\"><figure class=\"elementor-image-box-img\"><a href=\"https:\/\/scratcher.io\/\" tabindex=\"-1\"><img decoding=\"async\" width=\"755\" height=\"422\" src=\"https:\/\/scratcher.io\/wp-content\/uploads\/2024\/10\/NIKOLAJ-1.png\" class=\"attachment-medium_large size-medium_large wp-image-45333\" alt=\"\" srcset=\"https:\/\/scratcher.io\/wp-content\/uploads\/2024\/10\/NIKOLAJ-1.png 755w, https:\/\/scratcher.io\/wp-content\/uploads\/2024\/10\/NIKOLAJ-1-300x168.png 300w\" sizes=\"(max-width: 755px) 100vw, 755px\" \/><\/a><\/figure><div class=\"elementor-image-box-content\"><h3 class=\"elementor-image-box-title\"><a href=\"https:\/\/scratcher.io\/\">Nikolaj Skarbye, CCO hos Scratcher<\/a><\/h3><p class=\"elementor-image-box-description\">Nikolaj er en erfaren kommerciel leder, der i \u00f8jeblikket fungerer som Chief Commercial Officer (CCO) og Partner hos Scratcher.io, hvor han har ansvaret for salg, marketing og kundesucces. Med omfattende erfaring i strategiske roller har Nikolaj en dokumenteret track record for at drive forretningsv\u00e6kst og innovation, is\u00e6r inden for digital- og teknologisektorerne.<\/p><\/div><\/div>\t\t<\/div>\n\t\t\t\t<\/div>\n\t\t\t\t\t<\/div>\n\t\t\t\t<\/div>\n\t\t\t\t\t<\/div>\n\t\t<\/div>\n\t\t\t\t\t<\/div>\n\t\t<\/section>\n\t\t\t\t<\/div>\n\t\t","protected":false},"excerpt":{"rendered":"<p>\u00d8g B2B-engagement med gamification: Strategier til 2025 F\u00e5 de nyeste gamification trends og strategier skr\u00e6ddersyet til B2B-marketing i det kommende \u00e5r. Se on-demand ? Om talerne: Tobias Egmose, CMO hos Danish Export Association Tobias er Head of Marketing &#038; Communication hos Danish Export Association, hvor han hj\u00e6lper 700 medlemsvirksomheder med at komme ind p\u00e5 nye [&hellip;]<\/p>\n","protected":false},"author":19,"featured_media":45331,"parent":32711,"menu_order":0,"comment_status":"closed","ping_status":"closed","template":"","meta":{"inline_featured_image":false,"_monsterinsights_skip_tracking":false,"_monsterinsights_sitenote_active":false,"_monsterinsights_sitenote_note":"","_monsterinsights_sitenote_category":0,"postBodyCss":"","postBodyMargin":[],"postBodyPadding":[],"postBodyBackground":{"backgroundType":"classic","gradient":""},"footnotes":""},"class_list":["post-45196","page","type-page","status-publish","has-post-thumbnail","hentry"],"yoast_head":"<!-- This site is optimized with the Yoast SEO plugin v27.5 - https:\/\/yoast.com\/product\/yoast-seo-wordpress\/ -->\n<title>Boosting B2B Engagement with Gamification: Strategier til 2025<\/title>\n<meta name=\"description\" content=\"Webinar om gamification-strategier for B2B-marketing. L\u00e6r, hvordan interaktive kampagner kan \u00f8ge kundernes engagement og skabe resultater.\" \/>\n<meta name=\"robots\" content=\"index, follow, max-snippet:-1, max-image-preview:large, max-video-preview:-1\" \/>\n<link rel=\"canonical\" href=\"https:\/\/scratcher.io\/da\/webinars-and-podcasts\/boosting-b2b-engagement-with-gamification-strategier-til-2025\/\" \/>\n<meta property=\"og:locale\" content=\"da_DK\" \/>\n<meta property=\"og:type\" content=\"article\" \/>\n<meta property=\"og:title\" content=\"Boosting B2B Engagement with Gamification: Strategier til 2025\" \/>\n<meta property=\"og:description\" content=\"Webinar om gamification-strategier for B2B-marketing. L\u00e6r, hvordan interaktive kampagner kan \u00f8ge kundernes engagement og skabe resultater.\" \/>\n<meta property=\"og:url\" content=\"https:\/\/scratcher.io\/da\/webinars-and-podcasts\/boosting-b2b-engagement-with-gamification-strategier-til-2025\/\" \/>\n<meta property=\"og:site_name\" content=\"Scratcher\" \/>\n<meta property=\"article:modified_time\" content=\"2025-03-17T12:10:25+00:00\" \/>\n<meta property=\"og:image\" content=\"https:\/\/scratcher.io\/wp-content\/uploads\/2024\/10\/B2B_post-1800x1800-2.png\" \/>\n\t<meta property=\"og:image:width\" content=\"1800\" \/>\n\t<meta property=\"og:image:height\" content=\"1800\" \/>\n\t<meta property=\"og:image:type\" content=\"image\/png\" \/>\n<meta name=\"twitter:card\" content=\"summary_large_image\" \/>\n<meta name=\"twitter:title\" content=\"Boosting B2B Engagement with Gamification: Strategier til 2025\" \/>\n<meta name=\"twitter:description\" content=\"Webinar om gamification-strategier for B2B-marketing. L\u00e6r, hvordan interaktive kampagner kan \u00f8ge kundernes engagement og skabe resultater.\" \/>\n<meta name=\"twitter:image\" content=\"https:\/\/scratcher.io\/wp-content\/uploads\/2024\/10\/B2B_post-1800x1800-2.png\" \/>\n<meta name=\"twitter:label1\" content=\"Estimeret l\u00e6setid\" \/>\n\t<meta name=\"twitter:data1\" content=\"2 minutter\" \/>\n<script type=\"application\/ld+json\" class=\"yoast-schema-graph\">{\"@context\":\"https:\\\/\\\/schema.org\",\"@graph\":[{\"@type\":\"WebPage\",\"@id\":\"https:\\\/\\\/scratcher.io\\\/da\\\/webinars-and-podcasts\\\/boosting-b2b-engagement-with-gamification-strategier-til-2025\\\/\",\"url\":\"https:\\\/\\\/scratcher.io\\\/da\\\/webinars-and-podcasts\\\/boosting-b2b-engagement-with-gamification-strategier-til-2025\\\/\",\"name\":\"Boosting B2B Engagement with Gamification: Strategier til 2025\",\"isPartOf\":{\"@id\":\"https:\\\/\\\/scratcher.io\\\/da\\\/#website\"},\"primaryImageOfPage\":{\"@id\":\"https:\\\/\\\/scratcher.io\\\/da\\\/webinars-and-podcasts\\\/boosting-b2b-engagement-with-gamification-strategier-til-2025\\\/#primaryimage\"},\"image\":{\"@id\":\"https:\\\/\\\/scratcher.io\\\/da\\\/webinars-and-podcasts\\\/boosting-b2b-engagement-with-gamification-strategier-til-2025\\\/#primaryimage\"},\"thumbnailUrl\":\"https:\\\/\\\/scratcher.io\\\/wp-content\\\/uploads\\\/2024\\\/10\\\/B2B_post-1800x1800-2.png\",\"datePublished\":\"2024-10-11T09:05:08+00:00\",\"dateModified\":\"2025-03-17T12:10:25+00:00\",\"description\":\"Webinar om gamification-strategier for B2B-marketing. L\u00e6r, hvordan interaktive kampagner kan \u00f8ge kundernes engagement og skabe resultater.\",\"breadcrumb\":{\"@id\":\"https:\\\/\\\/scratcher.io\\\/da\\\/webinars-and-podcasts\\\/boosting-b2b-engagement-with-gamification-strategier-til-2025\\\/#breadcrumb\"},\"inLanguage\":\"da-DK\",\"potentialAction\":[{\"@type\":\"ReadAction\",\"target\":[\"https:\\\/\\\/scratcher.io\\\/da\\\/webinars-and-podcasts\\\/boosting-b2b-engagement-with-gamification-strategier-til-2025\\\/\"]}]},{\"@type\":\"ImageObject\",\"inLanguage\":\"da-DK\",\"@id\":\"https:\\\/\\\/scratcher.io\\\/da\\\/webinars-and-podcasts\\\/boosting-b2b-engagement-with-gamification-strategier-til-2025\\\/#primaryimage\",\"url\":\"https:\\\/\\\/scratcher.io\\\/wp-content\\\/uploads\\\/2024\\\/10\\\/B2B_post-1800x1800-2.png\",\"contentUrl\":\"https:\\\/\\\/scratcher.io\\\/wp-content\\\/uploads\\\/2024\\\/10\\\/B2B_post-1800x1800-2.png\",\"width\":1800,\"height\":1800},{\"@type\":\"BreadcrumbList\",\"@id\":\"https:\\\/\\\/scratcher.io\\\/da\\\/webinars-and-podcasts\\\/boosting-b2b-engagement-with-gamification-strategier-til-2025\\\/#breadcrumb\",\"itemListElement\":[{\"@type\":\"ListItem\",\"position\":1,\"name\":\"Home\",\"item\":\"https:\\\/\\\/scratcher.io\\\/da\\\/\"},{\"@type\":\"ListItem\",\"position\":2,\"name\":\"Webinars &#038; Podcasts\",\"item\":\"https:\\\/\\\/scratcher.io\\\/da\\\/webinars-and-podcasts\\\/\"},{\"@type\":\"ListItem\",\"position\":3,\"name\":\"\u00d8g B2B-engagement med gamification: Strategier for 2025\"}]},{\"@type\":\"WebSite\",\"@id\":\"https:\\\/\\\/scratcher.io\\\/da\\\/#website\",\"url\":\"https:\\\/\\\/scratcher.io\\\/da\\\/\",\"name\":\"Scratcher\",\"description\":\"Gamification Marketing Platform\",\"publisher\":{\"@id\":\"https:\\\/\\\/scratcher.io\\\/da\\\/#organization\"},\"potentialAction\":[{\"@type\":\"SearchAction\",\"target\":{\"@type\":\"EntryPoint\",\"urlTemplate\":\"https:\\\/\\\/scratcher.io\\\/da\\\/?s={search_term_string}\"},\"query-input\":{\"@type\":\"PropertyValueSpecification\",\"valueRequired\":true,\"valueName\":\"search_term_string\"}}],\"inLanguage\":\"da-DK\"},{\"@type\":\"Organization\",\"@id\":\"https:\\\/\\\/scratcher.io\\\/da\\\/#organization\",\"name\":\"Scratcher\",\"url\":\"https:\\\/\\\/scratcher.io\\\/da\\\/\",\"logo\":{\"@type\":\"ImageObject\",\"inLanguage\":\"da-DK\",\"@id\":\"https:\\\/\\\/scratcher.io\\\/da\\\/#\\\/schema\\\/logo\\\/image\\\/\",\"url\":\"https:\\\/\\\/scratcher.io\\\/wp-content\\\/uploads\\\/2021\\\/06\\\/Logo.png\",\"contentUrl\":\"https:\\\/\\\/scratcher.io\\\/wp-content\\\/uploads\\\/2021\\\/06\\\/Logo.png\",\"width\":1163,\"height\":346,\"caption\":\"Scratcher\"},\"image\":{\"@id\":\"https:\\\/\\\/scratcher.io\\\/da\\\/#\\\/schema\\\/logo\\\/image\\\/\"}}]}<\/script>\n<!-- \/ Yoast SEO plugin. -->","yoast_head_json":{"title":"Boosting B2B Engagement with Gamification: Strategier til 2025","description":"Webinar om gamification-strategier for B2B-marketing. L\u00e6r, hvordan interaktive kampagner kan \u00f8ge kundernes engagement og skabe resultater.","robots":{"index":"index","follow":"follow","max-snippet":"max-snippet:-1","max-image-preview":"max-image-preview:large","max-video-preview":"max-video-preview:-1"},"canonical":"https:\/\/scratcher.io\/da\/webinars-and-podcasts\/boosting-b2b-engagement-with-gamification-strategier-til-2025\/","og_locale":"da_DK","og_type":"article","og_title":"Boosting B2B Engagement with Gamification: Strategier til 2025","og_description":"Webinar om gamification-strategier for B2B-marketing. L\u00e6r, hvordan interaktive kampagner kan \u00f8ge kundernes engagement og skabe resultater.","og_url":"https:\/\/scratcher.io\/da\/webinars-and-podcasts\/boosting-b2b-engagement-with-gamification-strategier-til-2025\/","og_site_name":"Scratcher","article_modified_time":"2025-03-17T12:10:25+00:00","og_image":[{"width":1800,"height":1800,"url":"https:\/\/scratcher.io\/wp-content\/uploads\/2024\/10\/B2B_post-1800x1800-2.png","type":"image\/png"}],"twitter_card":"summary_large_image","twitter_title":"Boosting B2B Engagement with Gamification: Strategier til 2025","twitter_description":"Webinar om gamification-strategier for B2B-marketing. L\u00e6r, hvordan interaktive kampagner kan \u00f8ge kundernes engagement og skabe resultater.","twitter_image":"https:\/\/scratcher.io\/wp-content\/uploads\/2024\/10\/B2B_post-1800x1800-2.png","twitter_misc":{"Estimeret l\u00e6setid":"2 minutter"},"schema":{"@context":"https:\/\/schema.org","@graph":[{"@type":"WebPage","@id":"https:\/\/scratcher.io\/da\/webinars-and-podcasts\/boosting-b2b-engagement-with-gamification-strategier-til-2025\/","url":"https:\/\/scratcher.io\/da\/webinars-and-podcasts\/boosting-b2b-engagement-with-gamification-strategier-til-2025\/","name":"Boosting B2B Engagement with Gamification: Strategier til 2025","isPartOf":{"@id":"https:\/\/scratcher.io\/da\/#website"},"primaryImageOfPage":{"@id":"https:\/\/scratcher.io\/da\/webinars-and-podcasts\/boosting-b2b-engagement-with-gamification-strategier-til-2025\/#primaryimage"},"image":{"@id":"https:\/\/scratcher.io\/da\/webinars-and-podcasts\/boosting-b2b-engagement-with-gamification-strategier-til-2025\/#primaryimage"},"thumbnailUrl":"https:\/\/scratcher.io\/wp-content\/uploads\/2024\/10\/B2B_post-1800x1800-2.png","datePublished":"2024-10-11T09:05:08+00:00","dateModified":"2025-03-17T12:10:25+00:00","description":"Webinar om gamification-strategier for B2B-marketing. L\u00e6r, hvordan interaktive kampagner kan \u00f8ge kundernes engagement og skabe resultater.","breadcrumb":{"@id":"https:\/\/scratcher.io\/da\/webinars-and-podcasts\/boosting-b2b-engagement-with-gamification-strategier-til-2025\/#breadcrumb"},"inLanguage":"da-DK","potentialAction":[{"@type":"ReadAction","target":["https:\/\/scratcher.io\/da\/webinars-and-podcasts\/boosting-b2b-engagement-with-gamification-strategier-til-2025\/"]}]},{"@type":"ImageObject","inLanguage":"da-DK","@id":"https:\/\/scratcher.io\/da\/webinars-and-podcasts\/boosting-b2b-engagement-with-gamification-strategier-til-2025\/#primaryimage","url":"https:\/\/scratcher.io\/wp-content\/uploads\/2024\/10\/B2B_post-1800x1800-2.png","contentUrl":"https:\/\/scratcher.io\/wp-content\/uploads\/2024\/10\/B2B_post-1800x1800-2.png","width":1800,"height":1800},{"@type":"BreadcrumbList","@id":"https:\/\/scratcher.io\/da\/webinars-and-podcasts\/boosting-b2b-engagement-with-gamification-strategier-til-2025\/#breadcrumb","itemListElement":[{"@type":"ListItem","position":1,"name":"Home","item":"https:\/\/scratcher.io\/da\/"},{"@type":"ListItem","position":2,"name":"Webinars &#038; Podcasts","item":"https:\/\/scratcher.io\/da\/webinars-and-podcasts\/"},{"@type":"ListItem","position":3,"name":"\u00d8g B2B-engagement med gamification: Strategier for 2025"}]},{"@type":"WebSite","@id":"https:\/\/scratcher.io\/da\/#website","url":"https:\/\/scratcher.io\/da\/","name":"Scratcher","description":"Gamification Marketing Platform","publisher":{"@id":"https:\/\/scratcher.io\/da\/#organization"},"potentialAction":[{"@type":"SearchAction","target":{"@type":"EntryPoint","urlTemplate":"https:\/\/scratcher.io\/da\/?s={search_term_string}"},"query-input":{"@type":"PropertyValueSpecification","valueRequired":true,"valueName":"search_term_string"}}],"inLanguage":"da-DK"},{"@type":"Organization","@id":"https:\/\/scratcher.io\/da\/#organization","name":"Scratcher","url":"https:\/\/scratcher.io\/da\/","logo":{"@type":"ImageObject","inLanguage":"da-DK","@id":"https:\/\/scratcher.io\/da\/#\/schema\/logo\/image\/","url":"https:\/\/scratcher.io\/wp-content\/uploads\/2021\/06\/Logo.png","contentUrl":"https:\/\/scratcher.io\/wp-content\/uploads\/2021\/06\/Logo.png","width":1163,"height":346,"caption":"Scratcher"},"image":{"@id":"https:\/\/scratcher.io\/da\/#\/schema\/logo\/image\/"}}]}},"_links":{"self":[{"href":"https:\/\/scratcher.io\/da\/wp-json\/wp\/v2\/pages\/45196","targetHints":{"allow":["GET"]}}],"collection":[{"href":"https:\/\/scratcher.io\/da\/wp-json\/wp\/v2\/pages"}],"about":[{"href":"https:\/\/scratcher.io\/da\/wp-json\/wp\/v2\/types\/page"}],"author":[{"embeddable":true,"href":"https:\/\/scratcher.io\/da\/wp-json\/wp\/v2\/users\/19"}],"replies":[{"embeddable":true,"href":"https:\/\/scratcher.io\/da\/wp-json\/wp\/v2\/comments?post=45196"}],"version-history":[{"count":58,"href":"https:\/\/scratcher.io\/da\/wp-json\/wp\/v2\/pages\/45196\/revisions"}],"predecessor-version":[{"id":48224,"href":"https:\/\/scratcher.io\/da\/wp-json\/wp\/v2\/pages\/45196\/revisions\/48224"}],"up":[{"embeddable":true,"href":"https:\/\/scratcher.io\/da\/wp-json\/wp\/v2\/pages\/32711"}],"wp:featuredmedia":[{"embeddable":true,"href":"https:\/\/scratcher.io\/da\/wp-json\/wp\/v2\/media\/45331"}],"wp:attachment":[{"href":"https:\/\/scratcher.io\/da\/wp-json\/wp\/v2\/media?parent=45196"}],"curies":[{"name":"wp","href":"https:\/\/api.w.org\/{rel}","templated":true}]}}