{"id":59923,"date":"2023-08-30T15:26:50","date_gmt":"2023-08-30T13:26:50","guid":{"rendered":"https:\/\/scratcher.io\/webinar-laer-hvordan-du-opnaar-en-konverteringsrate-paa-80-paa-dine-julekampagner\/"},"modified":"2026-01-27T13:54:37","modified_gmt":"2026-01-27T12:54:37","slug":"webinar-laer-hvordan-du-opnaar-en-konverteringsrate-paa-80-paa-dine-julekampagner","status":"publish","type":"page","link":"https:\/\/scratcher.io\/da\/webinarer-og-podcasts\/webinar-laer-hvordan-du-opnaar-en-konverteringsrate-paa-80-paa-dine-julekampagner\/","title":{"rendered":"Webinar &#8211; L\u00e6r hvordan du opn\u00e5r en konverteringsrate p\u00e5 +80% p\u00e5 dine julekampagner"},"content":{"rendered":"\t\t<div data-elementor-type=\"wp-page\" data-elementor-id=\"59923\" class=\"elementor elementor-59923 elementor-35671\" data-elementor-post-type=\"page\">\n\t\t\t\t\t\t<section class=\"elementor-section elementor-top-section elementor-element elementor-element-1292632 elementor-section-boxed elementor-section-height-default elementor-section-height-default\" data-id=\"1292632\" data-element_type=\"section\">\n\t\t\t\t\t\t<div class=\"elementor-container elementor-column-gap-default\">\n\t\t\t\t\t<div class=\"elementor-column elementor-col-100 elementor-top-column elementor-element elementor-element-6b0dc98\" data-id=\"6b0dc98\" data-element_type=\"column\">\n\t\t\t<div class=\"elementor-widget-wrap elementor-element-populated\">\n\t\t\t\t\t\t<div class=\"elementor-element elementor-element-7231348 elementor-widget elementor-widget-heading\" data-id=\"7231348\" data-element_type=\"widget\" data-widget_type=\"heading.default\">\n\t\t\t\t<div class=\"elementor-widget-container\">\n\t\t\t<h1 class=\"elementor-heading-title elementor-size-default\">L\u00e6r hvordan du opn\u00e5r en konverteringsrate p\u00e5 +80% p\u00e5 dine julekampagner<\/h1>\t\t<\/div>\n\t\t\t\t<\/div>\n\t\t\t\t\t<\/div>\n\t\t<\/div>\n\t\t\t\t\t<\/div>\n\t\t<\/section>\n\t\t\t\t<section class=\"elementor-section elementor-top-section elementor-element elementor-element-096e0a5 elementor-section-boxed elementor-section-height-default elementor-section-height-default\" data-id=\"096e0a5\" data-element_type=\"section\">\n\t\t\t\t\t\t<div class=\"elementor-container elementor-column-gap-default\">\n\t\t\t\t\t<div class=\"elementor-column elementor-col-100 elementor-top-column elementor-element elementor-element-937542d\" data-id=\"937542d\" data-element_type=\"column\">\n\t\t\t<div class=\"elementor-widget-wrap elementor-element-populated\">\n\t\t\t\t\t\t<div class=\"elementor-element elementor-element-05e8841 elementor-widget elementor-widget-video\" data-id=\"05e8841\" data-element_type=\"widget\" data-settings=\"{&quot;youtube_url&quot;:&quot;https:\\\/\\\/youtu.be\\\/HPomUPCoOdY&quot;,&quot;video_type&quot;:&quot;youtube&quot;,&quot;controls&quot;:&quot;yes&quot;}\" data-widget_type=\"video.default\">\n\t\t\t\t<div class=\"elementor-widget-container\">\n\t\t\t\t\t<div class=\"elementor-wrapper elementor-open-inline\">\n\t\t\t<div class=\"elementor-video\"><\/div>\t\t<\/div>\n\t\t\t\t<\/div>\n\t\t\t\t<\/div>\n\t\t\t\t\t<\/div>\n\t\t<\/div>\n\t\t\t\t\t<\/div>\n\t\t<\/section>\n\t\t\t\t<section class=\"elementor-section elementor-top-section elementor-element elementor-element-6ac0166 elementor-section-boxed elementor-section-height-default elementor-section-height-default\" data-id=\"6ac0166\" data-element_type=\"section\">\n\t\t\t\t\t\t<div class=\"elementor-container elementor-column-gap-default\">\n\t\t\t\t\t<div class=\"elementor-column elementor-col-100 elementor-top-column elementor-element elementor-element-4da00de\" data-id=\"4da00de\" data-element_type=\"column\">\n\t\t\t<div class=\"elementor-widget-wrap elementor-element-populated\">\n\t\t\t\t\t\t<div class=\"elementor-element elementor-element-4266f6c elementor-widget elementor-widget-heading\" data-id=\"4266f6c\" data-element_type=\"widget\" data-widget_type=\"heading.default\">\n\t\t\t\t<div class=\"elementor-widget-container\">\n\t\t\t<h3 class=\"elementor-heading-title elementor-size-default\">Pak succesen ud for dine julekampagner \ud83c\udf81<\/h3>\t\t<\/div>\n\t\t\t\t<\/div>\n\t\t\t\t<div class=\"elementor-element elementor-element-4de4bdc elementor-widget elementor-widget-text-editor\" data-id=\"4de4bdc\" data-element_type=\"widget\" data-widget_type=\"text-editor.default\">\n\t\t\t\t<div class=\"elementor-widget-container\">\n\t\t\t\t\t\t\t<p>I <a href=\"https:\/\/youtu.be\/HPomUPCoOdY\">dette webinar<\/a> deler Scratchers CCO, Nikolaj F. Skarbye, hvordan du kan give dit publikum en interaktiv oplevelse i \u00e5r. Se, hvordan vores kunder \u2013 inklusive Toyota, Just Eat og POWER \u2013 har opn\u00e5et konverteringsrater p\u00e5 +80 % i l\u00f8bet af 24 dage! Fang dit publikums opm\u00e6rksomhed for <a href=\"https:\/\/scratcher.io\/da\/?page_id=59383\">at tiltr\u00e6kke flere leads<\/a> , <a href=\"https:\/\/scratcher.io\/da\/?page_id=59255\">fastholde flere kunder<\/a> og <a href=\"https:\/\/scratcher.io\/da\/?page_id=59323\">\u00f8ge din oms\u00e6tning<\/a> i denne feries\u00e6son.  <\/p><p>\u00c5rets travleste tid er lige om hj\u00f8rnet, og som marketingfolk ved, er det vigtigt at f\u00e5 sin stemme h\u00f8rt. \ud83d\udce2 Lad ikke dit budskab g\u00e5 tabt i havet af juleannoncer og -tilbud \u2013 skil dig ud ved at g\u00f8re din julemarkedsf\u00f8ring interaktiv! <\/p><p>I dette webinar fokuserer vi p\u00e5:<br> \u2192 Fordelene ved gamification i den travle feries\u00e6son<br> \u2192 S\u00e5dan skaber du opm\u00e6rksomhed op til din julekampagne<br> \u2192 Bedste praksis for at f\u00e5 mest muligt ud af perioden efter kampagnen<br> \u2192 Effektive eksempler p\u00e5 engagerende og mindev\u00e6rdige kampagner<\/p>\t\t\t\t\t\t<\/div>\n\t\t\t\t<\/div>\n\t\t\t\t\t<\/div>\n\t\t<\/div>\n\t\t\t\t\t<\/div>\n\t\t<\/section>\n\t\t\t\t<\/div>\n\t\t","protected":false},"excerpt":{"rendered":"<p>L\u00e6r hvordan du opn\u00e5r en konverteringsrate p\u00e5 +80% p\u00e5 dine julekampagner Pak succesen ud for dine julekampagner \ud83c\udf81 I dette webinar deler Scratchers CCO, Nikolaj F. Skarbye, hvordan du kan give dit publikum en interaktiv oplevelse i \u00e5r. Se, hvordan vores kunder \u2013 inklusive Toyota, Just Eat og POWER \u2013 har opn\u00e5et konverteringsrater p\u00e5 +80 [&hellip;]<\/p>\n","protected":false},"author":19,"featured_media":59926,"parent":60031,"menu_order":0,"comment_status":"closed","ping_status":"closed","template":"","meta":{"inline_featured_image":false,"_monsterinsights_skip_tracking":false,"_monsterinsights_sitenote_active":false,"_monsterinsights_sitenote_note":"","_monsterinsights_sitenote_category":0,"postBodyCss":"","postBodyMargin":[],"postBodyPadding":[],"postBodyBackground":{"backgroundType":"classic","gradient":""},"footnotes":""},"class_list":["post-59923","page","type-page","status-publish","has-post-thumbnail","hentry"],"yoast_head":"<!-- This site is optimized with the Yoast SEO plugin v23.9 - https:\/\/yoast.com\/wordpress\/plugins\/seo\/ -->\n<title>Webinar - L\u00e6r hvordan du opn\u00e5r en konverteringsrate p\u00e5 +80% p\u00e5 dine julekampagner - Scratcher<\/title>\n<meta name=\"description\" content=\"Bliv en del af Scratchers CCO og l\u00e6r, hvordan du kan give dit publikum en interaktiv oplevelse i \u00e5r og opn\u00e5 en konvertering p\u00e5 +80%!\" \/>\n<meta name=\"robots\" content=\"index, follow, max-snippet:-1, max-image-preview:large, max-video-preview:-1\" \/>\n<link rel=\"canonical\" href=\"https:\/\/scratcher.io\/da\/webinarer-og-podcasts\/webinar-laer-hvordan-du-opnaar-en-konverteringsrate-paa-80-paa-dine-julekampagner\/\" \/>\n<meta property=\"og:locale\" content=\"da_DK\" \/>\n<meta property=\"og:type\" content=\"article\" \/>\n<meta property=\"og:title\" content=\"L\u00e6r hvordan du opn\u00e5r en konverteringsrate p\u00e5 +80% p\u00e5 dine julekampagner\" \/>\n<meta property=\"og:description\" content=\"Bliv en del af Scratchers CCO og l\u00e6r, hvordan du kan give dit publikum en interaktiv oplevelse i \u00e5r og opn\u00e5 en konvertering p\u00e5 +80%!\" \/>\n<meta property=\"og:url\" content=\"https:\/\/scratcher.io\/da\/webinarer-og-podcasts\/webinar-laer-hvordan-du-opnaar-en-konverteringsrate-paa-80-paa-dine-julekampagner\/\" \/>\n<meta property=\"og:site_name\" content=\"Scratcher\" \/>\n<meta property=\"article:modified_time\" content=\"2026-01-27T12:54:37+00:00\" \/>\n<meta property=\"og:image\" content=\"https:\/\/green-bird.scratcher.io\/wp-content\/uploads\/2023\/08\/Nikolaj-Thumbnail.png\" \/>\n<meta name=\"twitter:card\" content=\"summary_large_image\" \/>\n<meta name=\"twitter:title\" content=\"L\u00e6r hvordan du opn\u00e5r en konverteringsrate p\u00e5 +80% p\u00e5 dine julekampagner\" \/>\n<meta name=\"twitter:description\" content=\"Bliv en del af Scratchers CCO og l\u00e6r, hvordan du kan give dit publikum en interaktiv oplevelse i \u00e5r og opn\u00e5 en konvertering p\u00e5 +80%!\" \/>\n<meta name=\"twitter:image\" content=\"https:\/\/green-bird.scratcher.io\/wp-content\/uploads\/2023\/08\/Nikolaj-Thumbnail.png\" \/>\n<meta name=\"twitter:label1\" content=\"Estimeret l\u00e6setid\" \/>\n\t<meta name=\"twitter:data1\" content=\"1 minut\" \/>\n<script type=\"application\/ld+json\" class=\"yoast-schema-graph\">{\"@context\":\"https:\/\/schema.org\",\"@graph\":[{\"@type\":\"WebPage\",\"@id\":\"https:\/\/scratcher.io\/da\/webinarer-og-podcasts\/webinar-laer-hvordan-du-opnaar-en-konverteringsrate-paa-80-paa-dine-julekampagner\/\",\"url\":\"https:\/\/scratcher.io\/da\/webinarer-og-podcasts\/webinar-laer-hvordan-du-opnaar-en-konverteringsrate-paa-80-paa-dine-julekampagner\/\",\"name\":\"Webinar - L\u00e6r hvordan du opn\u00e5r en konverteringsrate p\u00e5 +80% p\u00e5 dine julekampagner - Scratcher\",\"isPartOf\":{\"@id\":\"https:\/\/scratcher.io\/da\/#website\"},\"primaryImageOfPage\":{\"@id\":\"https:\/\/scratcher.io\/da\/webinarer-og-podcasts\/webinar-laer-hvordan-du-opnaar-en-konverteringsrate-paa-80-paa-dine-julekampagner\/#primaryimage\"},\"image\":{\"@id\":\"https:\/\/scratcher.io\/da\/webinarer-og-podcasts\/webinar-laer-hvordan-du-opnaar-en-konverteringsrate-paa-80-paa-dine-julekampagner\/#primaryimage\"},\"thumbnailUrl\":\"\",\"datePublished\":\"2023-08-30T13:26:50+00:00\",\"dateModified\":\"2026-01-27T12:54:37+00:00\",\"description\":\"Bliv en del af Scratchers CCO og l\u00e6r, hvordan du kan give dit publikum en interaktiv oplevelse i \u00e5r og opn\u00e5 en konvertering p\u00e5 +80%!\",\"breadcrumb\":{\"@id\":\"https:\/\/scratcher.io\/da\/webinarer-og-podcasts\/webinar-laer-hvordan-du-opnaar-en-konverteringsrate-paa-80-paa-dine-julekampagner\/#breadcrumb\"},\"inLanguage\":\"da-DK\",\"potentialAction\":[{\"@type\":\"ReadAction\",\"target\":[\"https:\/\/scratcher.io\/da\/webinarer-og-podcasts\/webinar-laer-hvordan-du-opnaar-en-konverteringsrate-paa-80-paa-dine-julekampagner\/\"]}]},{\"@type\":\"ImageObject\",\"inLanguage\":\"da-DK\",\"@id\":\"https:\/\/scratcher.io\/da\/webinarer-og-podcasts\/webinar-laer-hvordan-du-opnaar-en-konverteringsrate-paa-80-paa-dine-julekampagner\/#primaryimage\",\"url\":\"\",\"contentUrl\":\"\"},{\"@type\":\"BreadcrumbList\",\"@id\":\"https:\/\/scratcher.io\/da\/webinarer-og-podcasts\/webinar-laer-hvordan-du-opnaar-en-konverteringsrate-paa-80-paa-dine-julekampagner\/#breadcrumb\",\"itemListElement\":[{\"@type\":\"ListItem\",\"position\":1,\"name\":\"Home\",\"item\":\"https:\/\/scratcher.io\/da\/\"},{\"@type\":\"ListItem\",\"position\":2,\"name\":\"Webinarer og podcasts\",\"item\":\"https:\/\/scratcher.io\/da\/webinarer-og-podcasts\/\"},{\"@type\":\"ListItem\",\"position\":3,\"name\":\"Webinar &#8211; L\u00e6r hvordan du opn\u00e5r en konverteringsrate p\u00e5 +80% p\u00e5 dine julekampagner\"}]},{\"@type\":\"WebSite\",\"@id\":\"https:\/\/scratcher.io\/da\/#website\",\"url\":\"https:\/\/scratcher.io\/da\/\",\"name\":\"Scratcher\",\"description\":\"Gamification Marketing Platform\",\"potentialAction\":[{\"@type\":\"SearchAction\",\"target\":{\"@type\":\"EntryPoint\",\"urlTemplate\":\"https:\/\/scratcher.io\/da\/?s={search_term_string}\"},\"query-input\":{\"@type\":\"PropertyValueSpecification\",\"valueRequired\":true,\"valueName\":\"search_term_string\"}}],\"inLanguage\":\"da-DK\"}]}<\/script>\n<!-- \/ Yoast SEO plugin. -->","yoast_head_json":{"title":"Webinar - L\u00e6r hvordan du opn\u00e5r en konverteringsrate p\u00e5 +80% p\u00e5 dine julekampagner - Scratcher","description":"Bliv en del af Scratchers CCO og l\u00e6r, hvordan du kan give dit publikum en interaktiv oplevelse i \u00e5r og opn\u00e5 en konvertering p\u00e5 +80%!","robots":{"index":"index","follow":"follow","max-snippet":"max-snippet:-1","max-image-preview":"max-image-preview:large","max-video-preview":"max-video-preview:-1"},"canonical":"https:\/\/scratcher.io\/da\/webinarer-og-podcasts\/webinar-laer-hvordan-du-opnaar-en-konverteringsrate-paa-80-paa-dine-julekampagner\/","og_locale":"da_DK","og_type":"article","og_title":"L\u00e6r hvordan du opn\u00e5r en konverteringsrate p\u00e5 +80% p\u00e5 dine julekampagner","og_description":"Bliv en del af Scratchers CCO og l\u00e6r, hvordan du kan give dit publikum en interaktiv oplevelse i \u00e5r og opn\u00e5 en konvertering p\u00e5 +80%!","og_url":"https:\/\/scratcher.io\/da\/webinarer-og-podcasts\/webinar-laer-hvordan-du-opnaar-en-konverteringsrate-paa-80-paa-dine-julekampagner\/","og_site_name":"Scratcher","article_modified_time":"2026-01-27T12:54:37+00:00","og_image":[{"url":"https:\/\/green-bird.scratcher.io\/wp-content\/uploads\/2023\/08\/Nikolaj-Thumbnail.png"}],"twitter_card":"summary_large_image","twitter_title":"L\u00e6r hvordan du opn\u00e5r en konverteringsrate p\u00e5 +80% p\u00e5 dine julekampagner","twitter_description":"Bliv en del af Scratchers CCO og l\u00e6r, hvordan du kan give dit publikum en interaktiv oplevelse i \u00e5r og opn\u00e5 en konvertering p\u00e5 +80%!","twitter_image":"https:\/\/green-bird.scratcher.io\/wp-content\/uploads\/2023\/08\/Nikolaj-Thumbnail.png","twitter_misc":{"Estimeret l\u00e6setid":"1 minut"},"schema":{"@context":"https:\/\/schema.org","@graph":[{"@type":"WebPage","@id":"https:\/\/scratcher.io\/da\/webinarer-og-podcasts\/webinar-laer-hvordan-du-opnaar-en-konverteringsrate-paa-80-paa-dine-julekampagner\/","url":"https:\/\/scratcher.io\/da\/webinarer-og-podcasts\/webinar-laer-hvordan-du-opnaar-en-konverteringsrate-paa-80-paa-dine-julekampagner\/","name":"Webinar - L\u00e6r hvordan du opn\u00e5r en konverteringsrate p\u00e5 +80% p\u00e5 dine julekampagner - Scratcher","isPartOf":{"@id":"https:\/\/scratcher.io\/da\/#website"},"primaryImageOfPage":{"@id":"https:\/\/scratcher.io\/da\/webinarer-og-podcasts\/webinar-laer-hvordan-du-opnaar-en-konverteringsrate-paa-80-paa-dine-julekampagner\/#primaryimage"},"image":{"@id":"https:\/\/scratcher.io\/da\/webinarer-og-podcasts\/webinar-laer-hvordan-du-opnaar-en-konverteringsrate-paa-80-paa-dine-julekampagner\/#primaryimage"},"thumbnailUrl":"","datePublished":"2023-08-30T13:26:50+00:00","dateModified":"2026-01-27T12:54:37+00:00","description":"Bliv en del af Scratchers CCO og l\u00e6r, hvordan du kan give dit publikum en interaktiv oplevelse i \u00e5r og opn\u00e5 en konvertering p\u00e5 +80%!","breadcrumb":{"@id":"https:\/\/scratcher.io\/da\/webinarer-og-podcasts\/webinar-laer-hvordan-du-opnaar-en-konverteringsrate-paa-80-paa-dine-julekampagner\/#breadcrumb"},"inLanguage":"da-DK","potentialAction":[{"@type":"ReadAction","target":["https:\/\/scratcher.io\/da\/webinarer-og-podcasts\/webinar-laer-hvordan-du-opnaar-en-konverteringsrate-paa-80-paa-dine-julekampagner\/"]}]},{"@type":"ImageObject","inLanguage":"da-DK","@id":"https:\/\/scratcher.io\/da\/webinarer-og-podcasts\/webinar-laer-hvordan-du-opnaar-en-konverteringsrate-paa-80-paa-dine-julekampagner\/#primaryimage","url":"","contentUrl":""},{"@type":"BreadcrumbList","@id":"https:\/\/scratcher.io\/da\/webinarer-og-podcasts\/webinar-laer-hvordan-du-opnaar-en-konverteringsrate-paa-80-paa-dine-julekampagner\/#breadcrumb","itemListElement":[{"@type":"ListItem","position":1,"name":"Home","item":"https:\/\/scratcher.io\/da\/"},{"@type":"ListItem","position":2,"name":"Webinarer og podcasts","item":"https:\/\/scratcher.io\/da\/webinarer-og-podcasts\/"},{"@type":"ListItem","position":3,"name":"Webinar &#8211; L\u00e6r hvordan du opn\u00e5r en konverteringsrate p\u00e5 +80% p\u00e5 dine julekampagner"}]},{"@type":"WebSite","@id":"https:\/\/scratcher.io\/da\/#website","url":"https:\/\/scratcher.io\/da\/","name":"Scratcher","description":"Gamification Marketing Platform","potentialAction":[{"@type":"SearchAction","target":{"@type":"EntryPoint","urlTemplate":"https:\/\/scratcher.io\/da\/?s={search_term_string}"},"query-input":{"@type":"PropertyValueSpecification","valueRequired":true,"valueName":"search_term_string"}}],"inLanguage":"da-DK"}]}},"_links":{"self":[{"href":"https:\/\/scratcher.io\/da\/wp-json\/wp\/v2\/pages\/59923","targetHints":{"allow":["GET"]}}],"collection":[{"href":"https:\/\/scratcher.io\/da\/wp-json\/wp\/v2\/pages"}],"about":[{"href":"https:\/\/scratcher.io\/da\/wp-json\/wp\/v2\/types\/page"}],"author":[{"embeddable":true,"href":"https:\/\/scratcher.io\/da\/wp-json\/wp\/v2\/users\/19"}],"replies":[{"embeddable":true,"href":"https:\/\/scratcher.io\/da\/wp-json\/wp\/v2\/comments?post=59923"}],"version-history":[{"count":2,"href":"https:\/\/scratcher.io\/da\/wp-json\/wp\/v2\/pages\/59923\/revisions"}],"predecessor-version":[{"id":71209,"href":"https:\/\/scratcher.io\/da\/wp-json\/wp\/v2\/pages\/59923\/revisions\/71209"}],"up":[{"embeddable":true,"href":"https:\/\/scratcher.io\/da\/wp-json\/wp\/v2\/pages\/60031"}],"wp:featuredmedia":[{"embeddable":true,"href":"https:\/\/scratcher.io\/da\/wp-json\/"}],"wp:attachment":[{"href":"https:\/\/scratcher.io\/da\/wp-json\/wp\/v2\/media?parent=59923"}],"curies":[{"name":"wp","href":"https:\/\/api.w.org\/{rel}","templated":true}]}}