{"id":60003,"date":"2023-02-16T14:13:15","date_gmt":"2023-02-16T13:13:15","guid":{"rendered":"https:\/\/scratcher.io\/hemmeligheder-fra-vores-bedste-e-handelsbruger-i-2022-en-linkedin-live-med-power\/"},"modified":"2026-01-27T15:45:58","modified_gmt":"2026-01-27T14:45:58","slug":"hemmeligheder-fra-vores-bedste-e-handelsbruger-i-2022-en-linkedin-live-med-power","status":"publish","type":"page","link":"https:\/\/scratcher.io\/da\/webinarer-og-podcasts\/hemmeligheder-fra-vores-bedste-e-handelsbruger-i-2022-en-linkedin-live-med-power\/","title":{"rendered":"Hemmeligheder fra vores bedste e-handelsbruger i 2022: En LinkedIn Live med POWER"},"content":{"rendered":"\t\t<div data-elementor-type=\"wp-page\" data-elementor-id=\"60003\" class=\"elementor elementor-60003 elementor-32758\" data-elementor-post-type=\"page\">\n\t\t\t\t\t\t<section class=\"elementor-section elementor-top-section elementor-element elementor-element-1292632 elementor-section-boxed elementor-section-height-default elementor-section-height-default\" data-id=\"1292632\" data-element_type=\"section\">\n\t\t\t\t\t\t<div class=\"elementor-container elementor-column-gap-default\">\n\t\t\t\t\t<div class=\"elementor-column elementor-col-100 elementor-top-column elementor-element elementor-element-6b0dc98\" data-id=\"6b0dc98\" data-element_type=\"column\">\n\t\t\t<div class=\"elementor-widget-wrap elementor-element-populated\">\n\t\t\t\t\t\t<div class=\"elementor-element elementor-element-7231348 elementor-widget elementor-widget-heading\" data-id=\"7231348\" data-element_type=\"widget\" data-widget_type=\"heading.default\">\n\t\t\t\t<div class=\"elementor-widget-container\">\n\t\t\t<h1 class=\"elementor-heading-title elementor-size-default\">Hemmeligheder fra vores bedste e-handelsbruger i 2022<\/h1>\t\t<\/div>\n\t\t\t\t<\/div>\n\t\t\t\t\t<\/div>\n\t\t<\/div>\n\t\t\t\t\t<\/div>\n\t\t<\/section>\n\t\t\t\t<section class=\"elementor-section elementor-top-section elementor-element elementor-element-096e0a5 elementor-section-boxed elementor-section-height-default elementor-section-height-default\" data-id=\"096e0a5\" data-element_type=\"section\">\n\t\t\t\t\t\t<div class=\"elementor-container elementor-column-gap-default\">\n\t\t\t\t\t<div class=\"elementor-column elementor-col-100 elementor-top-column elementor-element elementor-element-937542d\" data-id=\"937542d\" data-element_type=\"column\">\n\t\t\t<div class=\"elementor-widget-wrap elementor-element-populated\">\n\t\t\t\t\t\t<div class=\"elementor-element elementor-element-05e8841 elementor-widget elementor-widget-video\" data-id=\"05e8841\" data-element_type=\"widget\" data-settings=\"{&quot;youtube_url&quot;:&quot;https:\\\/\\\/www.youtube.com\\\/watch?v=YiRnl0HZsds&quot;,&quot;video_type&quot;:&quot;youtube&quot;,&quot;controls&quot;:&quot;yes&quot;}\" data-widget_type=\"video.default\">\n\t\t\t\t<div class=\"elementor-widget-container\">\n\t\t\t\t\t<div class=\"elementor-wrapper elementor-open-inline\">\n\t\t\t<div class=\"elementor-video\"><\/div>\t\t<\/div>\n\t\t\t\t<\/div>\n\t\t\t\t<\/div>\n\t\t\t\t\t<\/div>\n\t\t<\/div>\n\t\t\t\t\t<\/div>\n\t\t<\/section>\n\t\t\t\t<section class=\"elementor-section elementor-top-section elementor-element elementor-element-6ac0166 elementor-section-boxed elementor-section-height-default elementor-section-height-default\" data-id=\"6ac0166\" data-element_type=\"section\">\n\t\t\t\t\t\t<div class=\"elementor-container elementor-column-gap-default\">\n\t\t\t\t\t<div class=\"elementor-column elementor-col-100 elementor-top-column elementor-element elementor-element-4da00de\" data-id=\"4da00de\" data-element_type=\"column\">\n\t\t\t<div class=\"elementor-widget-wrap elementor-element-populated\">\n\t\t\t\t\t\t<div class=\"elementor-element elementor-element-529e088 elementor-widget elementor-widget-heading\" data-id=\"529e088\" data-element_type=\"widget\" data-widget_type=\"heading.default\">\n\t\t\t\t<div class=\"elementor-widget-container\">\n\t\t\t<h3 class=\"elementor-heading-title elementor-size-default\">En LinkedIn Live med POWER \ud83d\udca5<\/h3>\t\t<\/div>\n\t\t\t\t<\/div>\n\t\t\t\t<div class=\"elementor-element elementor-element-4de4bdc elementor-widget elementor-widget-text-editor\" data-id=\"4de4bdc\" data-element_type=\"widget\" data-widget_type=\"text-editor.default\">\n\t\t\t\t<div class=\"elementor-widget-container\">\n\t\t\t\t\t\t\t<p>Vi elsker vores brugere og deres succes! \ud83d\ude4c Denne pakke inkluderer 3 \u00e5rs erfaring med gamification-marketing, genoplivningen af \u200b\u200ben tv-klassiker fra 90&#8217;erne og en v\u00e6kst i konverteringsraten fra 40% til 80%. POWER, Nordens elektronikgigant, har virkelig fundet n\u00f8glen, n\u00e5r det kommer til online og offline marketing!  <\/p><p>Vi havde en snak om alt inden for e-handel og gamification med brancheekspert Joakim Sigvardt, e-handelschef hos <a href=\"https:\/\/www.power.dk\/\">POWER A\/S<\/a> . L\u00e6r, hvordan du kan fange dit publikums opm\u00e6rksomhed og booste din marketingstrategi med kraften i gamification. <\/p><p>Vi diskuterede:<br> \u2192 POWERs givende <a href=\"https:\/\/scratcher.io\/blog\/guides\/gamification-and-omnichannel-marketing\/\">omnichannel-strategi<\/a><br> \u2192 Genoplivningen af \u200b\u200blive-tv-shopping<br> \u2192 De bedste erfaringer fra at arbejde med gamification marketing i e-handel<br> \u2192 M\u00e5der at integrere interaktive oplevelser i din kunderejse<\/p>\t\t\t\t\t\t<\/div>\n\t\t\t\t<\/div>\n\t\t\t\t\t<\/div>\n\t\t<\/div>\n\t\t\t\t\t<\/div>\n\t\t<\/section>\n\t\t\t\t<\/div>\n\t\t","protected":false},"excerpt":{"rendered":"<p>Hemmeligheder fra vores bedste e-handelsbruger i 2022 En LinkedIn Live med POWER \ud83d\udca5 Vi elsker vores brugere og deres succes! \ud83d\ude4c Denne pakke inkluderer 3 \u00e5rs erfaring med gamification-marketing, genoplivningen af \u200b\u200ben tv-klassiker fra 90&#8217;erne og en v\u00e6kst i konverteringsraten fra 40% til 80%. POWER, Nordens elektronikgigant, har virkelig fundet n\u00f8glen, n\u00e5r det kommer til [&hellip;]<\/p>\n","protected":false},"author":19,"featured_media":60008,"parent":60031,"menu_order":0,"comment_status":"closed","ping_status":"closed","template":"","meta":{"inline_featured_image":false,"_monsterinsights_skip_tracking":false,"_monsterinsights_sitenote_active":false,"_monsterinsights_sitenote_note":"","_monsterinsights_sitenote_category":0,"postBodyCss":"","postBodyMargin":[],"postBodyPadding":[],"postBodyBackground":{"backgroundType":"classic","gradient":""},"footnotes":""},"class_list":["post-60003","page","type-page","status-publish","has-post-thumbnail","hentry"],"yoast_head":"<!-- This site is optimized with the Yoast SEO plugin v23.9 - https:\/\/yoast.com\/wordpress\/plugins\/seo\/ -->\n<title>Hemmeligheder fra vores bedste e-handelsbruger i 2022: En LinkedIn Live med POWER - Scratcher<\/title>\n<meta name=\"description\" content=\"Vi elsker vores brugere og deres succes! Joakim Sigvardt fra POWER, vores bedste e-handelsbruger i 2022, snakker om alt inden for e-handel og gamification.\" \/>\n<meta name=\"robots\" content=\"index, follow, max-snippet:-1, max-image-preview:large, max-video-preview:-1\" \/>\n<link rel=\"canonical\" href=\"https:\/\/scratcher.io\/da\/webinarer-og-podcasts\/hemmeligheder-fra-vores-bedste-e-handelsbruger-i-2022-en-linkedin-live-med-power\/\" \/>\n<meta property=\"og:locale\" content=\"da_DK\" \/>\n<meta property=\"og:type\" content=\"article\" \/>\n<meta property=\"og:title\" content=\"Hemmeligheder fra vores bedste e-handelsbruger i 2022: En LinkedIn Live med POWER\" \/>\n<meta property=\"og:description\" content=\"L\u00e6r, hvordan du kan fange dit publikums opm\u00e6rksomhed og booste din marketingstrategi med gamifications kraft.\" \/>\n<meta property=\"og:url\" content=\"https:\/\/scratcher.io\/da\/webinarer-og-podcasts\/hemmeligheder-fra-vores-bedste-e-handelsbruger-i-2022-en-linkedin-live-med-power\/\" \/>\n<meta property=\"og:site_name\" content=\"Scratcher\" \/>\n<meta property=\"article:modified_time\" content=\"2026-01-27T14:45:58+00:00\" \/>\n<meta property=\"og:image\" content=\"https:\/\/green-bird.scratcher.io\/wp-content\/uploads\/2023\/02\/Thumbnail.png\" \/>\n<meta name=\"twitter:card\" content=\"summary_large_image\" \/>\n<meta name=\"twitter:title\" content=\"Hemmeligheder fra vores bedste e-handelsbruger i 2022: En LinkedIn Live med POWER\" \/>\n<meta name=\"twitter:description\" content=\"L\u00e6r, hvordan du kan fange dit publikums opm\u00e6rksomhed og booste din marketingstrategi med gamifications kraft.\" \/>\n<meta name=\"twitter:image\" content=\"https:\/\/green-bird.scratcher.io\/wp-content\/uploads\/2023\/02\/Thumbnail.png\" \/>\n<meta name=\"twitter:label1\" content=\"Estimeret l\u00e6setid\" \/>\n\t<meta name=\"twitter:data1\" content=\"1 minut\" \/>\n<script type=\"application\/ld+json\" class=\"yoast-schema-graph\">{\"@context\":\"https:\/\/schema.org\",\"@graph\":[{\"@type\":\"WebPage\",\"@id\":\"https:\/\/scratcher.io\/da\/webinarer-og-podcasts\/hemmeligheder-fra-vores-bedste-e-handelsbruger-i-2022-en-linkedin-live-med-power\/\",\"url\":\"https:\/\/scratcher.io\/da\/webinarer-og-podcasts\/hemmeligheder-fra-vores-bedste-e-handelsbruger-i-2022-en-linkedin-live-med-power\/\",\"name\":\"Hemmeligheder fra vores bedste e-handelsbruger i 2022: En LinkedIn Live med POWER - Scratcher\",\"isPartOf\":{\"@id\":\"https:\/\/scratcher.io\/da\/#website\"},\"primaryImageOfPage\":{\"@id\":\"https:\/\/scratcher.io\/da\/webinarer-og-podcasts\/hemmeligheder-fra-vores-bedste-e-handelsbruger-i-2022-en-linkedin-live-med-power\/#primaryimage\"},\"image\":{\"@id\":\"https:\/\/scratcher.io\/da\/webinarer-og-podcasts\/hemmeligheder-fra-vores-bedste-e-handelsbruger-i-2022-en-linkedin-live-med-power\/#primaryimage\"},\"thumbnailUrl\":\"\",\"datePublished\":\"2023-02-16T13:13:15+00:00\",\"dateModified\":\"2026-01-27T14:45:58+00:00\",\"description\":\"Vi elsker vores brugere og deres succes! Joakim Sigvardt fra POWER, vores bedste e-handelsbruger i 2022, snakker om alt inden for e-handel og gamification.\",\"breadcrumb\":{\"@id\":\"https:\/\/scratcher.io\/da\/webinarer-og-podcasts\/hemmeligheder-fra-vores-bedste-e-handelsbruger-i-2022-en-linkedin-live-med-power\/#breadcrumb\"},\"inLanguage\":\"da-DK\",\"potentialAction\":[{\"@type\":\"ReadAction\",\"target\":[\"https:\/\/scratcher.io\/da\/webinarer-og-podcasts\/hemmeligheder-fra-vores-bedste-e-handelsbruger-i-2022-en-linkedin-live-med-power\/\"]}]},{\"@type\":\"ImageObject\",\"inLanguage\":\"da-DK\",\"@id\":\"https:\/\/scratcher.io\/da\/webinarer-og-podcasts\/hemmeligheder-fra-vores-bedste-e-handelsbruger-i-2022-en-linkedin-live-med-power\/#primaryimage\",\"url\":\"\",\"contentUrl\":\"\"},{\"@type\":\"BreadcrumbList\",\"@id\":\"https:\/\/scratcher.io\/da\/webinarer-og-podcasts\/hemmeligheder-fra-vores-bedste-e-handelsbruger-i-2022-en-linkedin-live-med-power\/#breadcrumb\",\"itemListElement\":[{\"@type\":\"ListItem\",\"position\":1,\"name\":\"Home\",\"item\":\"https:\/\/scratcher.io\/da\/\"},{\"@type\":\"ListItem\",\"position\":2,\"name\":\"Webinarer og podcasts\",\"item\":\"https:\/\/scratcher.io\/da\/webinarer-og-podcasts\/\"},{\"@type\":\"ListItem\",\"position\":3,\"name\":\"Hemmeligheder fra vores bedste e-handelsbruger i 2022: En LinkedIn Live med POWER\"}]},{\"@type\":\"WebSite\",\"@id\":\"https:\/\/scratcher.io\/da\/#website\",\"url\":\"https:\/\/scratcher.io\/da\/\",\"name\":\"Scratcher\",\"description\":\"Gamification Marketing Platform\",\"potentialAction\":[{\"@type\":\"SearchAction\",\"target\":{\"@type\":\"EntryPoint\",\"urlTemplate\":\"https:\/\/scratcher.io\/da\/?s={search_term_string}\"},\"query-input\":{\"@type\":\"PropertyValueSpecification\",\"valueRequired\":true,\"valueName\":\"search_term_string\"}}],\"inLanguage\":\"da-DK\"}]}<\/script>\n<!-- \/ Yoast SEO plugin. -->","yoast_head_json":{"title":"Hemmeligheder fra vores bedste e-handelsbruger i 2022: En LinkedIn Live med POWER - Scratcher","description":"Vi elsker vores brugere og deres succes! Joakim Sigvardt fra POWER, vores bedste e-handelsbruger i 2022, snakker om alt inden for e-handel og gamification.","robots":{"index":"index","follow":"follow","max-snippet":"max-snippet:-1","max-image-preview":"max-image-preview:large","max-video-preview":"max-video-preview:-1"},"canonical":"https:\/\/scratcher.io\/da\/webinarer-og-podcasts\/hemmeligheder-fra-vores-bedste-e-handelsbruger-i-2022-en-linkedin-live-med-power\/","og_locale":"da_DK","og_type":"article","og_title":"Hemmeligheder fra vores bedste e-handelsbruger i 2022: En LinkedIn Live med POWER","og_description":"L\u00e6r, hvordan du kan fange dit publikums opm\u00e6rksomhed og booste din marketingstrategi med gamifications kraft.","og_url":"https:\/\/scratcher.io\/da\/webinarer-og-podcasts\/hemmeligheder-fra-vores-bedste-e-handelsbruger-i-2022-en-linkedin-live-med-power\/","og_site_name":"Scratcher","article_modified_time":"2026-01-27T14:45:58+00:00","og_image":[{"url":"https:\/\/green-bird.scratcher.io\/wp-content\/uploads\/2023\/02\/Thumbnail.png"}],"twitter_card":"summary_large_image","twitter_title":"Hemmeligheder fra vores bedste e-handelsbruger i 2022: En LinkedIn Live med POWER","twitter_description":"L\u00e6r, hvordan du kan fange dit publikums opm\u00e6rksomhed og booste din marketingstrategi med gamifications kraft.","twitter_image":"https:\/\/green-bird.scratcher.io\/wp-content\/uploads\/2023\/02\/Thumbnail.png","twitter_misc":{"Estimeret l\u00e6setid":"1 minut"},"schema":{"@context":"https:\/\/schema.org","@graph":[{"@type":"WebPage","@id":"https:\/\/scratcher.io\/da\/webinarer-og-podcasts\/hemmeligheder-fra-vores-bedste-e-handelsbruger-i-2022-en-linkedin-live-med-power\/","url":"https:\/\/scratcher.io\/da\/webinarer-og-podcasts\/hemmeligheder-fra-vores-bedste-e-handelsbruger-i-2022-en-linkedin-live-med-power\/","name":"Hemmeligheder fra vores bedste e-handelsbruger i 2022: En LinkedIn Live med POWER - Scratcher","isPartOf":{"@id":"https:\/\/scratcher.io\/da\/#website"},"primaryImageOfPage":{"@id":"https:\/\/scratcher.io\/da\/webinarer-og-podcasts\/hemmeligheder-fra-vores-bedste-e-handelsbruger-i-2022-en-linkedin-live-med-power\/#primaryimage"},"image":{"@id":"https:\/\/scratcher.io\/da\/webinarer-og-podcasts\/hemmeligheder-fra-vores-bedste-e-handelsbruger-i-2022-en-linkedin-live-med-power\/#primaryimage"},"thumbnailUrl":"","datePublished":"2023-02-16T13:13:15+00:00","dateModified":"2026-01-27T14:45:58+00:00","description":"Vi elsker vores brugere og deres succes! Joakim Sigvardt fra POWER, vores bedste e-handelsbruger i 2022, snakker om alt inden for e-handel og gamification.","breadcrumb":{"@id":"https:\/\/scratcher.io\/da\/webinarer-og-podcasts\/hemmeligheder-fra-vores-bedste-e-handelsbruger-i-2022-en-linkedin-live-med-power\/#breadcrumb"},"inLanguage":"da-DK","potentialAction":[{"@type":"ReadAction","target":["https:\/\/scratcher.io\/da\/webinarer-og-podcasts\/hemmeligheder-fra-vores-bedste-e-handelsbruger-i-2022-en-linkedin-live-med-power\/"]}]},{"@type":"ImageObject","inLanguage":"da-DK","@id":"https:\/\/scratcher.io\/da\/webinarer-og-podcasts\/hemmeligheder-fra-vores-bedste-e-handelsbruger-i-2022-en-linkedin-live-med-power\/#primaryimage","url":"","contentUrl":""},{"@type":"BreadcrumbList","@id":"https:\/\/scratcher.io\/da\/webinarer-og-podcasts\/hemmeligheder-fra-vores-bedste-e-handelsbruger-i-2022-en-linkedin-live-med-power\/#breadcrumb","itemListElement":[{"@type":"ListItem","position":1,"name":"Home","item":"https:\/\/scratcher.io\/da\/"},{"@type":"ListItem","position":2,"name":"Webinarer og podcasts","item":"https:\/\/scratcher.io\/da\/webinarer-og-podcasts\/"},{"@type":"ListItem","position":3,"name":"Hemmeligheder fra vores bedste e-handelsbruger i 2022: En LinkedIn Live med POWER"}]},{"@type":"WebSite","@id":"https:\/\/scratcher.io\/da\/#website","url":"https:\/\/scratcher.io\/da\/","name":"Scratcher","description":"Gamification Marketing Platform","potentialAction":[{"@type":"SearchAction","target":{"@type":"EntryPoint","urlTemplate":"https:\/\/scratcher.io\/da\/?s={search_term_string}"},"query-input":{"@type":"PropertyValueSpecification","valueRequired":true,"valueName":"search_term_string"}}],"inLanguage":"da-DK"}]}},"_links":{"self":[{"href":"https:\/\/scratcher.io\/da\/wp-json\/wp\/v2\/pages\/60003","targetHints":{"allow":["GET"]}}],"collection":[{"href":"https:\/\/scratcher.io\/da\/wp-json\/wp\/v2\/pages"}],"about":[{"href":"https:\/\/scratcher.io\/da\/wp-json\/wp\/v2\/types\/page"}],"author":[{"embeddable":true,"href":"https:\/\/scratcher.io\/da\/wp-json\/wp\/v2\/users\/19"}],"replies":[{"embeddable":true,"href":"https:\/\/scratcher.io\/da\/wp-json\/wp\/v2\/comments?post=60003"}],"version-history":[{"count":1,"href":"https:\/\/scratcher.io\/da\/wp-json\/wp\/v2\/pages\/60003\/revisions"}],"predecessor-version":[{"id":71248,"href":"https:\/\/scratcher.io\/da\/wp-json\/wp\/v2\/pages\/60003\/revisions\/71248"}],"up":[{"embeddable":true,"href":"https:\/\/scratcher.io\/da\/wp-json\/wp\/v2\/pages\/60031"}],"wp:featuredmedia":[{"embeddable":true,"href":"https:\/\/scratcher.io\/da\/wp-json\/"}],"wp:attachment":[{"href":"https:\/\/scratcher.io\/da\/wp-json\/wp\/v2\/media?parent=60003"}],"curies":[{"name":"wp","href":"https:\/\/api.w.org\/{rel}","templated":true}]}}