{"id":61900,"date":"2024-05-03T13:48:16","date_gmt":"2024-05-03T11:48:16","guid":{"rendered":"https:\/\/scratcher.io\/webinarer-og-podcasts\/cdp39er-afkodet-trends-cookiefri-strategier-og-dataaktiveringstaktikker-til-e-handel\/"},"modified":"2026-01-27T13:30:08","modified_gmt":"2026-01-27T12:30:08","slug":"cdp39er-afkodet-trends-cookiefri-strategier-og-dataaktiveringstaktikker-til-e-handel","status":"publish","type":"page","link":"https:\/\/scratcher.io\/da\/webinarer-og-podcasts\/cdp39er-afkodet-trends-cookiefri-strategier-og-dataaktiveringstaktikker-til-e-handel\/","title":{"rendered":"CDP&amp;#39;er afkodet: Trends, cookiefri strategier og dataaktiveringstaktikker til e-handel"},"content":{"rendered":"\t\t<div data-elementor-type=\"wp-page\" data-elementor-id=\"61900\" class=\"elementor elementor-61900 elementor-40471\" data-elementor-post-type=\"page\">\n\t\t\t\t\t\t<section class=\"elementor-section elementor-top-section elementor-element elementor-element-1292632 elementor-section-boxed elementor-section-height-default elementor-section-height-default\" data-id=\"1292632\" data-element_type=\"section\">\n\t\t\t\t\t\t<div class=\"elementor-container elementor-column-gap-default\">\n\t\t\t\t\t<div class=\"elementor-column elementor-col-100 elementor-top-column elementor-element elementor-element-6b0dc98\" data-id=\"6b0dc98\" data-element_type=\"column\">\n\t\t\t<div class=\"elementor-widget-wrap elementor-element-populated\">\n\t\t\t\t\t\t<div class=\"elementor-element elementor-element-414f40d elementor-widget elementor-widget-heading\" data-id=\"414f40d\" data-element_type=\"widget\" data-widget_type=\"heading.default\">\n\t\t\t\t<div class=\"elementor-widget-container\">\n\t\t\t<h3 class=\"elementor-heading-title elementor-size-default\">\ud83d\udde3\ufe0f30 minutters livechat med marketingeksperter<\/h3>\t\t<\/div>\n\t\t\t\t<\/div>\n\t\t\t\t<div class=\"elementor-element elementor-element-1c7aded elementor-widget elementor-widget-heading\" data-id=\"1c7aded\" data-element_type=\"widget\" data-widget_type=\"heading.default\">\n\t\t\t\t<div class=\"elementor-widget-container\">\n\t\t\t<h4 class=\"elementor-heading-title elementor-size-default\">Mandag den 27. maj 2024 - 14:00 (CEST)<\/h4>\t\t<\/div>\n\t\t\t\t<\/div>\n\t\t\t\t<div class=\"elementor-element elementor-element-7231348 elementor-widget elementor-widget-heading\" data-id=\"7231348\" data-element_type=\"widget\" data-widget_type=\"heading.default\">\n\t\t\t\t<div class=\"elementor-widget-container\">\n\t\t\t<h1 class=\"elementor-heading-title elementor-size-default\">CDP&#039;er afkodet: Trends, cookiefri strategier og dataaktiveringstaktikker for e-handelsm\u00e6rker<\/h1>\t\t<\/div>\n\t\t\t\t<\/div>\n\t\t\t\t<div class=\"elementor-element elementor-element-b9f72c8 elementor-align-center elementor-widget elementor-widget-button\" data-id=\"b9f72c8\" data-element_type=\"widget\" data-widget_type=\"button.default\">\n\t\t\t\t<div class=\"elementor-widget-container\">\n\t\t\t\t\t\t\t<div class=\"elementor-button-wrapper\">\n\t\t\t\t\t<a class=\"elementor-button elementor-button-link elementor-size-sm\" href=\"https:\/\/scratcher.webinarninja.com\/live-webinars\/10582020\/register\">\n\t\t\t\t\t\t<span class=\"elementor-button-content-wrapper\">\n\t\t\t\t\t\t\t\t\t<span class=\"elementor-button-text\">Tilmeld dig her<\/span>\n\t\t\t\t\t<\/span>\n\t\t\t\t\t<\/a>\n\t\t\t\t<\/div>\n\t\t\t\t\t\t<\/div>\n\t\t\t\t<\/div>\n\t\t\t\t<div class=\"elementor-element elementor-element-e2caa40 elementor-widget elementor-widget-image\" data-id=\"e2caa40\" data-element_type=\"widget\" data-widget_type=\"image.default\">\n\t\t\t\t<div class=\"elementor-widget-container\">\n\t\t\t\t\t\t\t\t\t\t\t\t\t<img fetchpriority=\"high\" decoding=\"async\" width=\"800\" height=\"450\" src=\"https:\/\/scratcher.io\/wp-content\/uploads\/2024\/05\/Landing-Creative-images-2-round-1024x576.png\" class=\"attachment-large size-large wp-image-71162\" alt=\"\" srcset=\"https:\/\/scratcher.io\/wp-content\/uploads\/2024\/05\/Landing-Creative-images-2-round-1024x576.png 1024w, https:\/\/scratcher.io\/wp-content\/uploads\/2024\/05\/Landing-Creative-images-2-round-300x169.png 300w, https:\/\/scratcher.io\/wp-content\/uploads\/2024\/05\/Landing-Creative-images-2-round-768x432.png 768w, https:\/\/scratcher.io\/wp-content\/uploads\/2024\/05\/Landing-Creative-images-2-round.png 1280w\" sizes=\"(max-width: 800px) 100vw, 800px\" \/>\t\t\t\t\t\t\t\t\t\t\t\t\t<\/div>\n\t\t\t\t<\/div>\n\t\t\t\t<div class=\"elementor-element elementor-element-88ac625 elementor-widget-divider--view-line elementor-widget elementor-widget-divider\" data-id=\"88ac625\" data-element_type=\"widget\" data-widget_type=\"divider.default\">\n\t\t\t\t<div class=\"elementor-widget-container\">\n\t\t\t\t\t<div class=\"elementor-divider\">\n\t\t\t<span class=\"elementor-divider-separator\">\n\t\t\t\t\t\t<\/span>\n\t\t<\/div>\n\t\t\t\t<\/div>\n\t\t\t\t<\/div>\n\t\t\t\t<div class=\"elementor-element elementor-element-4de4bdc elementor-widget elementor-widget-text-editor\" data-id=\"4de4bdc\" data-element_type=\"widget\" data-widget_type=\"text-editor.default\">\n\t\t\t\t<div class=\"elementor-widget-container\">\n\t\t\t\t\t\t\t<p>Deltag i en eksisterende diskussion om dataindsamling, dataaktivering og CDP&#8217;er. Nikolaj Skarbye, CCO hos Scratcher, og Anders Spicker, Customer Success Director hos Raptor, vil gennemg\u00e5 alle de vigtigste elementer i en cookiefri fremtid inden for e-handel. <\/p>\t\t\t\t\t\t<\/div>\n\t\t\t\t<\/div>\n\t\t\t\t\t<\/div>\n\t\t<\/div>\n\t\t\t\t\t<\/div>\n\t\t<\/section>\n\t\t\t\t<section class=\"elementor-section elementor-top-section elementor-element elementor-element-6ac0166 elementor-section-boxed elementor-section-height-default elementor-section-height-default\" data-id=\"6ac0166\" data-element_type=\"section\">\n\t\t\t\t\t\t<div class=\"elementor-container elementor-column-gap-default\">\n\t\t\t\t\t<div class=\"elementor-column elementor-col-100 elementor-top-column elementor-element elementor-element-4da00de\" data-id=\"4da00de\" data-element_type=\"column\">\n\t\t\t<div class=\"elementor-widget-wrap elementor-element-populated\">\n\t\t\t\t\t\t<div class=\"elementor-element elementor-element-fedf97f elementor-widget elementor-widget-text-editor\" data-id=\"fedf97f\" data-element_type=\"widget\" data-widget_type=\"text-editor.default\">\n\t\t\t\t<div class=\"elementor-widget-container\">\n\t\t\t\t\t\t\t<h3><span style=\"font-weight: bold;\">Talere:<\/span><\/h3>\t\t\t\t\t\t<\/div>\n\t\t\t\t<\/div>\n\t\t<div class=\"elementor-element elementor-element-92dcfec e-grid e-con-boxed e-con e-parent\" data-id=\"92dcfec\" data-element_type=\"container\">\n\t\t\t\t\t<div class=\"e-con-inner\">\n\t\t\t\t<div class=\"elementor-element elementor-element-bfb6f8c elementor-widget elementor-widget-image\" data-id=\"bfb6f8c\" data-element_type=\"widget\" data-widget_type=\"image.default\">\n\t\t\t\t<div class=\"elementor-widget-container\">\n\t\t\t\t\t\t\t\t\t\t\t\t\t<img decoding=\"async\" width=\"800\" height=\"800\" src=\"https:\/\/scratcher.io\/wp-content\/uploads\/2024\/05\/Logo-500x500-px-7.png\" class=\"attachment-large size-large wp-image-71161\" alt=\"\" srcset=\"https:\/\/scratcher.io\/wp-content\/uploads\/2024\/05\/Logo-500x500-px-7.png 1000w, https:\/\/scratcher.io\/wp-content\/uploads\/2024\/05\/Logo-500x500-px-7-300x300.png 300w, https:\/\/scratcher.io\/wp-content\/uploads\/2024\/05\/Logo-500x500-px-7-150x150.png 150w, https:\/\/scratcher.io\/wp-content\/uploads\/2024\/05\/Logo-500x500-px-7-768x768.png 768w\" sizes=\"(max-width: 800px) 100vw, 800px\" \/>\t\t\t\t\t\t\t\t\t\t\t\t\t<\/div>\n\t\t\t\t<\/div>\n\t\t\t\t<div class=\"elementor-element elementor-element-8816f67 elementor-widget elementor-widget-image\" data-id=\"8816f67\" data-element_type=\"widget\" data-widget_type=\"image.default\">\n\t\t\t\t<div class=\"elementor-widget-container\">\n\t\t\t\t\t\t\t\t\t\t\t\t\t<img decoding=\"async\" width=\"800\" height=\"800\" src=\"https:\/\/scratcher.io\/wp-content\/uploads\/2024\/05\/Logo-500x500-px-5.png\" class=\"attachment-large size-large wp-image-71159\" alt=\"\" srcset=\"https:\/\/scratcher.io\/wp-content\/uploads\/2024\/05\/Logo-500x500-px-5.png 1000w, https:\/\/scratcher.io\/wp-content\/uploads\/2024\/05\/Logo-500x500-px-5-300x300.png 300w, https:\/\/scratcher.io\/wp-content\/uploads\/2024\/05\/Logo-500x500-px-5-150x150.png 150w, https:\/\/scratcher.io\/wp-content\/uploads\/2024\/05\/Logo-500x500-px-5-768x768.png 768w\" sizes=\"(max-width: 800px) 100vw, 800px\" \/>\t\t\t\t\t\t\t\t\t\t\t\t\t<\/div>\n\t\t\t\t<\/div>\n\t\t\t\t\t<\/div>\n\t\t\t\t<\/div>\n\t\t\t\t<div class=\"elementor-element elementor-element-6357d25 elementor-widget elementor-widget-spacer\" data-id=\"6357d25\" data-element_type=\"widget\" data-widget_type=\"spacer.default\">\n\t\t\t\t<div class=\"elementor-widget-container\">\n\t\t\t\t\t<div class=\"elementor-spacer\">\n\t\t\t<div class=\"elementor-spacer-inner\"><\/div>\n\t\t<\/div>\n\t\t\t\t<\/div>\n\t\t\t\t<\/div>\n\t\t\t\t<div class=\"elementor-element elementor-element-37fece7 elementor-widget elementor-widget-text-editor\" data-id=\"37fece7\" data-element_type=\"widget\" data-widget_type=\"text-editor.default\">\n\t\t\t\t<div class=\"elementor-widget-container\">\n\t\t\t\t\t\t\t<h3><b>Hvad du vil l\u00e6re:<\/b><\/h3><ol><li style=\"font-weight: 400;\" aria-level=\"1\"><p><span style=\"font-weight: 400;\"><strong>Forst\u00e5else af CDP-hypen:<\/strong> Udforsk, hvorfor kundedataplatforme er ved at blive en toptrend. Opdag de faktorer, der driver deres popularitet, herunder forbedret kundeindsigt, n\u00f8dvendigheden af \u200b\u200bpersonalisering og rollen af \u200b\u200bdatadrevne marketingstrategier. Forst\u00e5 overvejelserne ved valg af datakilder, planl\u00e6gning af din investering og strukturering af dit team til succes.  <\/span><\/p><\/li><li style=\"font-weight: 400;\" aria-level=\"1\"><p><span style=\"font-weight: 400;\"><span style=\"font-weight: 400;\"><strong>V\u00e6rdien af \u200b\u200bCDP&#8217;er i en cookiefri verden:<\/strong> Vurder den stigende betydning af CDP&#8217;er i takt med at tredjepartscookies udfases. L\u00e6r om at udvikle en robust datastrategi, der l\u00e6gger v\u00e6gt p\u00e5 f\u00f8rstepartsdata for at opretholde en konkurrencem\u00e6ssig fordel. <\/span><\/span><\/p><\/li><li style=\"font-weight: 400;\" aria-level=\"1\"><p><span style=\"font-weight: 400;\"><strong>Aktivering af data p\u00e5 tv\u00e6rs af kanaler:<\/strong> Dyk ned i bedste praksis for dataindsamling og -udnyttelse. Unders\u00f8g praktiske use cases og strategier til aktivering af data p\u00e5 tv\u00e6rs af forskellige marketingkanaler for at optimere engagement og konverteringer.   <br><\/span><\/p><\/li><\/ol>\t\t\t\t\t\t<\/div>\n\t\t\t\t<\/div>\n\t\t\t\t<div class=\"elementor-element elementor-element-09aac9f elementor-widget elementor-widget-text-editor\" data-id=\"09aac9f\" data-element_type=\"widget\" data-widget_type=\"text-editor.default\">\n\t\t\t\t<div class=\"elementor-widget-container\">\n\t\t\t\t\t\t\t<h3><b>Hvem b\u00f8r deltage?<\/b><\/h3>\n<ol>\n<li style=\"list-style-type: none;\">\n<ul>\n<li style=\"font-weight: 400;\" aria-level=\"1\">\n<p><span style=\"font-weight: 400;\">administrerende direkt\u00f8rer;<\/span><\/p>\n<\/li>\n<li style=\"font-weight: 400;\" aria-level=\"1\">\n<p><span style=\"font-weight: 400;\">CMO&#8217;er;<\/span><\/p>\n<\/li>\n<li style=\"font-weight: 400;\" aria-level=\"1\">\n<p><span style=\"font-weight: 400;\">Salgschefer;<\/span><\/p>\n<\/li>\n<li style=\"font-weight: 400;\" aria-level=\"1\">\n<p><span style=\"font-weight: 400;\">E-handelschefer;<\/span><\/p>\n<\/li>\n<li style=\"font-weight: 400;\" aria-level=\"1\">\n<p><span style=\"font-weight: 400;\">Marketingprofessionelle;<\/span><\/p>\n<\/li>\n<li style=\"font-weight: 400;\" aria-level=\"1\">\n<p><span style=\"font-weight: 400;\">CRM-specialister;<\/span><\/p>\n<\/li>\n<li style=\"font-weight: 400;\" aria-level=\"1\">\n<p><span style=\"font-weight: 400;\">Specialister i e-mailmarketing.<\/span><\/p><\/li>\n<\/ul>\n<\/li>\n<\/ol>\t\t\t\t\t\t<\/div>\n\t\t\t\t<\/div>\n\t\t\t\t\t<\/div>\n\t\t<\/div>\n\t\t\t\t\t<\/div>\n\t\t<\/section>\n\t\t\t\t<section class=\"elementor-section elementor-top-section elementor-element elementor-element-2271d2f elementor-section-boxed elementor-section-height-default elementor-section-height-default\" data-id=\"2271d2f\" data-element_type=\"section\">\n\t\t\t\t\t\t<div class=\"elementor-container elementor-column-gap-default\">\n\t\t\t\t\t<div class=\"elementor-column elementor-col-100 elementor-top-column elementor-element elementor-element-3fdc342\" data-id=\"3fdc342\" data-element_type=\"column\">\n\t\t\t<div class=\"elementor-widget-wrap\">\n\t\t\t\t\t\t\t<\/div>\n\t\t<\/div>\n\t\t\t\t\t<\/div>\n\t\t<\/section>\n\t\t\t\t<\/div>\n\t\t","protected":false},"excerpt":{"rendered":"<p>\ud83d\udde3\ufe0f30 minutters livechat med marketingeksperter Mandag den 27. maj 2024 &#8211; 14:00 (CEST) CDP&#039;er afkodet: Trends, cookiefri strategier og dataaktiveringstaktikker for e-handelsm\u00e6rker Tilmeld dig her Deltag i en eksisterende diskussion om dataindsamling, dataaktivering og CDP&#8217;er. Nikolaj Skarbye, CCO hos Scratcher, og Anders Spicker, Customer Success Director hos Raptor, vil gennemg\u00e5 alle de vigtigste elementer i [&hellip;]<\/p>\n","protected":false},"author":19,"featured_media":60008,"parent":60031,"menu_order":0,"comment_status":"closed","ping_status":"closed","template":"","meta":{"inline_featured_image":false,"_monsterinsights_skip_tracking":false,"_monsterinsights_sitenote_active":false,"_monsterinsights_sitenote_note":"","_monsterinsights_sitenote_category":0,"postBodyCss":"","postBodyMargin":[],"postBodyPadding":[],"postBodyBackground":{"backgroundType":"classic","gradient":""},"footnotes":""},"class_list":["post-61900","page","type-page","status-publish","has-post-thumbnail","hentry"],"yoast_head":"<!-- This site is optimized with the Yoast SEO plugin v23.9 - https:\/\/yoast.com\/wordpress\/plugins\/seo\/ -->\n<title>Cookiefri strategier og dataaktiveringstaktikker til e-handel<\/title>\n<meta name=\"description\" content=\"Deltag i en eksisterende diskussion om dataindsamling, dataaktivering og CDP&#039;er. Nikolaj Skarbye, CCO hos Scratcher, og Anders Spicker, Customer Success Director hos Raptor, vil gennemg\u00e5 alle de vigtigste elementer i en cookiefri fremtid inden for e-handel.\" \/>\n<meta name=\"robots\" content=\"index, follow, max-snippet:-1, max-image-preview:large, max-video-preview:-1\" \/>\n<link rel=\"canonical\" href=\"https:\/\/scratcher.io\/da\/webinarer-og-podcasts\/cdp39er-afkodet-trends-cookiefri-strategier-og-dataaktiveringstaktikker-til-e-handel\/\" \/>\n<meta property=\"og:locale\" content=\"da_DK\" \/>\n<meta property=\"og:type\" content=\"article\" \/>\n<meta property=\"og:title\" content=\"CDP&#039;er afkodet: Trends, cookiefri strategier og dataaktiveringstaktikker for e-handelsm\u00e6rker\" \/>\n<meta property=\"og:description\" content=\"Deltag i en eksisterende diskussion om dataindsamling, dataaktivering og CDP&#039;er. Nikolaj Skarbye, CCO hos Scratcher, og Anders Spicker, Customer Success Director hos Raptor, vil gennemg\u00e5 alle de vigtigste elementer i en cookiefri fremtid inden for e-handel.\" \/>\n<meta property=\"og:url\" content=\"https:\/\/scratcher.io\/da\/webinarer-og-podcasts\/cdp39er-afkodet-trends-cookiefri-strategier-og-dataaktiveringstaktikker-til-e-handel\/\" \/>\n<meta property=\"og:site_name\" content=\"Scratcher\" \/>\n<meta property=\"article:modified_time\" content=\"2026-01-27T12:30:08+00:00\" \/>\n<meta property=\"og:image\" content=\"https:\/\/green-bird.scratcher.io\/wp-content\/uploads\/2023\/02\/Thumbnail.png\" \/>\n<meta name=\"twitter:card\" content=\"summary_large_image\" \/>\n<meta name=\"twitter:title\" content=\"CDP&#039;er afkodet: Trends, cookiefri strategier og dataaktiveringstaktikker for e-handelsm\u00e6rker\" \/>\n<meta name=\"twitter:image\" content=\"https:\/\/green-bird.scratcher.io\/wp-content\/uploads\/2023\/02\/Thumbnail.png\" \/>\n<meta name=\"twitter:label1\" content=\"Estimeret l\u00e6setid\" \/>\n\t<meta name=\"twitter:data1\" content=\"2 minutter\" \/>\n<script type=\"application\/ld+json\" class=\"yoast-schema-graph\">{\"@context\":\"https:\/\/schema.org\",\"@graph\":[{\"@type\":\"WebPage\",\"@id\":\"https:\/\/scratcher.io\/da\/webinarer-og-podcasts\/cdp39er-afkodet-trends-cookiefri-strategier-og-dataaktiveringstaktikker-til-e-handel\/\",\"url\":\"https:\/\/scratcher.io\/da\/webinarer-og-podcasts\/cdp39er-afkodet-trends-cookiefri-strategier-og-dataaktiveringstaktikker-til-e-handel\/\",\"name\":\"Cookiefri strategier og dataaktiveringstaktikker til e-handel\",\"isPartOf\":{\"@id\":\"https:\/\/scratcher.io\/da\/#website\"},\"primaryImageOfPage\":{\"@id\":\"https:\/\/scratcher.io\/da\/webinarer-og-podcasts\/cdp39er-afkodet-trends-cookiefri-strategier-og-dataaktiveringstaktikker-til-e-handel\/#primaryimage\"},\"image\":{\"@id\":\"https:\/\/scratcher.io\/da\/webinarer-og-podcasts\/cdp39er-afkodet-trends-cookiefri-strategier-og-dataaktiveringstaktikker-til-e-handel\/#primaryimage\"},\"thumbnailUrl\":\"\",\"datePublished\":\"2024-05-03T11:48:16+00:00\",\"dateModified\":\"2026-01-27T12:30:08+00:00\",\"description\":\"Deltag i en eksisterende diskussion om dataindsamling, dataaktivering og CDP'er. Nikolaj Skarbye, CCO hos Scratcher, og Anders Spicker, Customer Success Director hos Raptor, vil gennemg\u00e5 alle de vigtigste elementer i en cookiefri fremtid inden for e-handel.\",\"breadcrumb\":{\"@id\":\"https:\/\/scratcher.io\/da\/webinarer-og-podcasts\/cdp39er-afkodet-trends-cookiefri-strategier-og-dataaktiveringstaktikker-til-e-handel\/#breadcrumb\"},\"inLanguage\":\"da-DK\",\"potentialAction\":[{\"@type\":\"ReadAction\",\"target\":[\"https:\/\/scratcher.io\/da\/webinarer-og-podcasts\/cdp39er-afkodet-trends-cookiefri-strategier-og-dataaktiveringstaktikker-til-e-handel\/\"]}]},{\"@type\":\"ImageObject\",\"inLanguage\":\"da-DK\",\"@id\":\"https:\/\/scratcher.io\/da\/webinarer-og-podcasts\/cdp39er-afkodet-trends-cookiefri-strategier-og-dataaktiveringstaktikker-til-e-handel\/#primaryimage\",\"url\":\"\",\"contentUrl\":\"\"},{\"@type\":\"BreadcrumbList\",\"@id\":\"https:\/\/scratcher.io\/da\/webinarer-og-podcasts\/cdp39er-afkodet-trends-cookiefri-strategier-og-dataaktiveringstaktikker-til-e-handel\/#breadcrumb\",\"itemListElement\":[{\"@type\":\"ListItem\",\"position\":1,\"name\":\"Home\",\"item\":\"https:\/\/scratcher.io\/da\/\"},{\"@type\":\"ListItem\",\"position\":2,\"name\":\"Webinarer og podcasts\",\"item\":\"https:\/\/scratcher.io\/da\/webinarer-og-podcasts\/\"},{\"@type\":\"ListItem\",\"position\":3,\"name\":\"CDP&amp;#39;er afkodet: Trends, cookiefri strategier og dataaktiveringstaktikker til e-handel\"}]},{\"@type\":\"WebSite\",\"@id\":\"https:\/\/scratcher.io\/da\/#website\",\"url\":\"https:\/\/scratcher.io\/da\/\",\"name\":\"Scratcher\",\"description\":\"Gamification Marketing Platform\",\"potentialAction\":[{\"@type\":\"SearchAction\",\"target\":{\"@type\":\"EntryPoint\",\"urlTemplate\":\"https:\/\/scratcher.io\/da\/?s={search_term_string}\"},\"query-input\":{\"@type\":\"PropertyValueSpecification\",\"valueRequired\":true,\"valueName\":\"search_term_string\"}}],\"inLanguage\":\"da-DK\"}]}<\/script>\n<!-- \/ Yoast SEO plugin. -->","yoast_head_json":{"title":"Cookiefri strategier og dataaktiveringstaktikker til e-handel","description":"Deltag i en eksisterende diskussion om dataindsamling, dataaktivering og CDP'er. Nikolaj Skarbye, CCO hos Scratcher, og Anders Spicker, Customer Success Director hos Raptor, vil gennemg\u00e5 alle de vigtigste elementer i en cookiefri fremtid inden for e-handel.","robots":{"index":"index","follow":"follow","max-snippet":"max-snippet:-1","max-image-preview":"max-image-preview:large","max-video-preview":"max-video-preview:-1"},"canonical":"https:\/\/scratcher.io\/da\/webinarer-og-podcasts\/cdp39er-afkodet-trends-cookiefri-strategier-og-dataaktiveringstaktikker-til-e-handel\/","og_locale":"da_DK","og_type":"article","og_title":"CDP'er afkodet: Trends, cookiefri strategier og dataaktiveringstaktikker for e-handelsm\u00e6rker","og_description":"Deltag i en eksisterende diskussion om dataindsamling, dataaktivering og CDP'er. Nikolaj Skarbye, CCO hos Scratcher, og Anders Spicker, Customer Success Director hos Raptor, vil gennemg\u00e5 alle de vigtigste elementer i en cookiefri fremtid inden for e-handel.","og_url":"https:\/\/scratcher.io\/da\/webinarer-og-podcasts\/cdp39er-afkodet-trends-cookiefri-strategier-og-dataaktiveringstaktikker-til-e-handel\/","og_site_name":"Scratcher","article_modified_time":"2026-01-27T12:30:08+00:00","og_image":[{"url":"https:\/\/green-bird.scratcher.io\/wp-content\/uploads\/2023\/02\/Thumbnail.png"}],"twitter_card":"summary_large_image","twitter_title":"CDP'er afkodet: Trends, cookiefri strategier og dataaktiveringstaktikker for e-handelsm\u00e6rker","twitter_image":"https:\/\/green-bird.scratcher.io\/wp-content\/uploads\/2023\/02\/Thumbnail.png","twitter_misc":{"Estimeret l\u00e6setid":"2 minutter"},"schema":{"@context":"https:\/\/schema.org","@graph":[{"@type":"WebPage","@id":"https:\/\/scratcher.io\/da\/webinarer-og-podcasts\/cdp39er-afkodet-trends-cookiefri-strategier-og-dataaktiveringstaktikker-til-e-handel\/","url":"https:\/\/scratcher.io\/da\/webinarer-og-podcasts\/cdp39er-afkodet-trends-cookiefri-strategier-og-dataaktiveringstaktikker-til-e-handel\/","name":"Cookiefri strategier og dataaktiveringstaktikker til e-handel","isPartOf":{"@id":"https:\/\/scratcher.io\/da\/#website"},"primaryImageOfPage":{"@id":"https:\/\/scratcher.io\/da\/webinarer-og-podcasts\/cdp39er-afkodet-trends-cookiefri-strategier-og-dataaktiveringstaktikker-til-e-handel\/#primaryimage"},"image":{"@id":"https:\/\/scratcher.io\/da\/webinarer-og-podcasts\/cdp39er-afkodet-trends-cookiefri-strategier-og-dataaktiveringstaktikker-til-e-handel\/#primaryimage"},"thumbnailUrl":"","datePublished":"2024-05-03T11:48:16+00:00","dateModified":"2026-01-27T12:30:08+00:00","description":"Deltag i en eksisterende diskussion om dataindsamling, dataaktivering og CDP'er. Nikolaj Skarbye, CCO hos Scratcher, og Anders Spicker, Customer Success Director hos Raptor, vil gennemg\u00e5 alle de vigtigste elementer i en cookiefri fremtid inden for e-handel.","breadcrumb":{"@id":"https:\/\/scratcher.io\/da\/webinarer-og-podcasts\/cdp39er-afkodet-trends-cookiefri-strategier-og-dataaktiveringstaktikker-til-e-handel\/#breadcrumb"},"inLanguage":"da-DK","potentialAction":[{"@type":"ReadAction","target":["https:\/\/scratcher.io\/da\/webinarer-og-podcasts\/cdp39er-afkodet-trends-cookiefri-strategier-og-dataaktiveringstaktikker-til-e-handel\/"]}]},{"@type":"ImageObject","inLanguage":"da-DK","@id":"https:\/\/scratcher.io\/da\/webinarer-og-podcasts\/cdp39er-afkodet-trends-cookiefri-strategier-og-dataaktiveringstaktikker-til-e-handel\/#primaryimage","url":"","contentUrl":""},{"@type":"BreadcrumbList","@id":"https:\/\/scratcher.io\/da\/webinarer-og-podcasts\/cdp39er-afkodet-trends-cookiefri-strategier-og-dataaktiveringstaktikker-til-e-handel\/#breadcrumb","itemListElement":[{"@type":"ListItem","position":1,"name":"Home","item":"https:\/\/scratcher.io\/da\/"},{"@type":"ListItem","position":2,"name":"Webinarer og podcasts","item":"https:\/\/scratcher.io\/da\/webinarer-og-podcasts\/"},{"@type":"ListItem","position":3,"name":"CDP&amp;#39;er afkodet: Trends, cookiefri strategier og dataaktiveringstaktikker til e-handel"}]},{"@type":"WebSite","@id":"https:\/\/scratcher.io\/da\/#website","url":"https:\/\/scratcher.io\/da\/","name":"Scratcher","description":"Gamification Marketing Platform","potentialAction":[{"@type":"SearchAction","target":{"@type":"EntryPoint","urlTemplate":"https:\/\/scratcher.io\/da\/?s={search_term_string}"},"query-input":{"@type":"PropertyValueSpecification","valueRequired":true,"valueName":"search_term_string"}}],"inLanguage":"da-DK"}]}},"_links":{"self":[{"href":"https:\/\/scratcher.io\/da\/wp-json\/wp\/v2\/pages\/61900","targetHints":{"allow":["GET"]}}],"collection":[{"href":"https:\/\/scratcher.io\/da\/wp-json\/wp\/v2\/pages"}],"about":[{"href":"https:\/\/scratcher.io\/da\/wp-json\/wp\/v2\/types\/page"}],"author":[{"embeddable":true,"href":"https:\/\/scratcher.io\/da\/wp-json\/wp\/v2\/users\/19"}],"replies":[{"embeddable":true,"href":"https:\/\/scratcher.io\/da\/wp-json\/wp\/v2\/comments?post=61900"}],"version-history":[{"count":1,"href":"https:\/\/scratcher.io\/da\/wp-json\/wp\/v2\/pages\/61900\/revisions"}],"predecessor-version":[{"id":71163,"href":"https:\/\/scratcher.io\/da\/wp-json\/wp\/v2\/pages\/61900\/revisions\/71163"}],"up":[{"embeddable":true,"href":"https:\/\/scratcher.io\/da\/wp-json\/wp\/v2\/pages\/60031"}],"wp:featuredmedia":[{"embeddable":true,"href":"https:\/\/scratcher.io\/da\/wp-json\/"}],"wp:attachment":[{"href":"https:\/\/scratcher.io\/da\/wp-json\/wp\/v2\/media?parent=61900"}],"curies":[{"name":"wp","href":"https:\/\/api.w.org\/{rel}","templated":true}]}}