{"id":58213,"date":"2020-08-02T12:35:43","date_gmt":"2020-08-02T10:35:43","guid":{"rendered":"https:\/\/scratcher.io\/ueber\/"},"modified":"2025-10-31T11:20:05","modified_gmt":"2025-10-31T10:20:05","slug":"ueber","status":"publish","type":"page","link":"https:\/\/scratcher.io\/de\/ueber\/","title":{"rendered":"\u00dcber uns"},"content":{"rendered":"\t\t<div data-elementor-type=\"wp-page\" data-elementor-id=\"58213\" class=\"elementor elementor-58213 elementor-2240\" data-elementor-post-type=\"page\">\n\t\t\t\t\t\t<section class=\"elementor-section elementor-top-section elementor-element elementor-element-64f5b5ae elementor-section-boxed elementor-section-height-default elementor-section-height-default\" data-id=\"64f5b5ae\" data-element_type=\"section\" data-settings=\"{&quot;background_background&quot;:&quot;classic&quot;}\">\n\t\t\t\t\t\t\t<div class=\"elementor-background-overlay\"><\/div>\n\t\t\t\t\t\t\t<div class=\"elementor-container elementor-column-gap-default\">\n\t\t\t\t\t<div class=\"elementor-column elementor-col-100 elementor-top-column elementor-element elementor-element-37d208de\" data-id=\"37d208de\" data-element_type=\"column\">\n\t\t\t<div class=\"elementor-widget-wrap elementor-element-populated\">\n\t\t\t\t<div class=\"elementor-element elementor-element-2adcf9e e-flex e-con-boxed e-con e-parent\" data-id=\"2adcf9e\" data-element_type=\"container\">\n\t\t\t\t\t<div class=\"e-con-inner\">\n\t\t\t\t<div class=\"elementor-element elementor-element-3814136 elementor-widget elementor-widget-heading\" data-id=\"3814136\" data-element_type=\"widget\" data-widget_type=\"heading.default\">\n\t\t\t\t<div class=\"elementor-widget-container\">\n\t\t\t<h5 class=\"elementor-heading-title elementor-size-default\">\u00dcber das Scratcher-Team<\/h5>\t\t<\/div>\n\t\t\t\t<\/div>\n\t\t\t\t<div class=\"elementor-element elementor-element-2ce73d7 elementor-widget elementor-widget-heading\" data-id=\"2ce73d7\" data-element_type=\"widget\" data-widget_type=\"heading.default\">\n\t\t\t\t<div class=\"elementor-widget-container\">\n\t\t\t<h1 class=\"elementor-heading-title elementor-size-default\">Lernen Sie das Team kennen<\/h1>\t\t<\/div>\n\t\t\t\t<\/div>\n\t\t\t\t\t<\/div>\n\t\t\t\t<\/div>\n\t\t\t\t\t<\/div>\n\t\t<\/div>\n\t\t\t\t\t<\/div>\n\t\t<\/section>\n\t\t\t\t<section class=\"elementor-section elementor-top-section elementor-element elementor-element-b0cbfaa elementor-section-boxed elementor-section-height-default elementor-section-height-default\" data-id=\"b0cbfaa\" data-element_type=\"section\" data-settings=\"{&quot;background_background&quot;:&quot;classic&quot;}\">\n\t\t\t\t\t\t<div class=\"elementor-container elementor-column-gap-default\">\n\t\t\t\t\t<div class=\"elementor-column elementor-col-100 elementor-top-column elementor-element elementor-element-3288853\" data-id=\"3288853\" data-element_type=\"column\">\n\t\t\t<div class=\"elementor-widget-wrap\">\n\t\t\t\t\t\t\t<\/div>\n\t\t<\/div>\n\t\t\t\t\t<\/div>\n\t\t<\/section>\n\t\t\t\t<section class=\"elementor-section elementor-top-section elementor-element elementor-element-31932329 elementor-section-boxed elementor-section-height-default elementor-section-height-default\" data-id=\"31932329\" data-element_type=\"section\">\n\t\t\t\t\t\t<div class=\"elementor-container elementor-column-gap-default\">\n\t\t\t\t\t<div class=\"elementor-column elementor-col-50 elementor-top-column elementor-element elementor-element-23b5248b\" data-id=\"23b5248b\" data-element_type=\"column\">\n\t\t\t<div class=\"elementor-widget-wrap elementor-element-populated\">\n\t\t\t\t\t\t<div class=\"elementor-element elementor-element-ed0fde3 elementor-hidden-mobile elementor-widget elementor-widget-image\" data-id=\"ed0fde3\" data-element_type=\"widget\" data-widget_type=\"image.default\">\n\t\t\t\t<div class=\"elementor-widget-container\">\n\t\t\t\t\t\t\t\t\t\t\t\t\t<img fetchpriority=\"high\" decoding=\"async\" width=\"768\" height=\"1092\" src=\"https:\/\/scratcher.io\/wp-content\/uploads\/2025\/06\/Presentation-16_9-1920x1080-px-Custom-dimensions-1-768x1092.png\" class=\"attachment-medium_large size-medium_large wp-image-61962\" alt=\"\" srcset=\"https:\/\/scratcher.io\/wp-content\/uploads\/2025\/06\/Presentation-16_9-1920x1080-px-Custom-dimensions-1-768x1092.png 768w, https:\/\/scratcher.io\/wp-content\/uploads\/2025\/06\/Presentation-16_9-1920x1080-px-Custom-dimensions-1-211x300.png 211w, https:\/\/scratcher.io\/wp-content\/uploads\/2025\/06\/Presentation-16_9-1920x1080-px-Custom-dimensions-1-720x1024.png 720w, https:\/\/scratcher.io\/wp-content\/uploads\/2025\/06\/Presentation-16_9-1920x1080-px-Custom-dimensions-1-1080x1536.png 1080w, https:\/\/scratcher.io\/wp-content\/uploads\/2025\/06\/Presentation-16_9-1920x1080-px-Custom-dimensions-1.png 1284w\" sizes=\"(max-width: 768px) 100vw, 768px\" \/>\t\t\t\t\t\t\t\t\t\t\t\t\t<\/div>\n\t\t\t\t<\/div>\n\t\t\t\t\t<\/div>\n\t\t<\/div>\n\t\t\t\t<div class=\"elementor-column elementor-col-50 elementor-top-column elementor-element elementor-element-69b0501d\" data-id=\"69b0501d\" data-element_type=\"column\">\n\t\t\t<div class=\"elementor-widget-wrap elementor-element-populated\">\n\t\t\t\t\t\t<div class=\"elementor-element elementor-element-43deb3b0 elementor-widget elementor-widget-heading\" data-id=\"43deb3b0\" data-element_type=\"widget\" data-widget_type=\"heading.default\">\n\t\t\t\t<div class=\"elementor-widget-container\">\n\t\t\t<h5 class=\"elementor-heading-title elementor-size-default\">Unsere Geschichte<\/h5>\t\t<\/div>\n\t\t\t\t<\/div>\n\t\t\t\t<div class=\"elementor-element elementor-element-16a974d elementor-widget elementor-widget-heading\" data-id=\"16a974d\" data-element_type=\"widget\" data-widget_type=\"heading.default\">\n\t\t\t\t<div class=\"elementor-widget-container\">\n\t\t\t<h1 class=\"elementor-heading-title elementor-size-default\">Wir helfen Unternehmen, ihr Publikum durch Gamification anzusprechen\n<\/h1>\t\t<\/div>\n\t\t\t\t<\/div>\n\t\t\t\t<div class=\"elementor-element elementor-element-758c7db6 elementor-widget elementor-widget-text-editor\" data-id=\"758c7db6\" data-element_type=\"widget\" data-widget_type=\"text-editor.default\">\n\t\t\t\t<div class=\"elementor-widget-container\">\n\t\t\t\t\t\t\t<p data-start=\"160\" data-end=\"456\">Wir sind 2017 mit der Einf\u00fchrung von Scratcher 1.0 in den Gamification-Bereich eingestiegen. In unserem ersten Jahr haben wir eng mit \u00fcber 100 Unternehmen zusammengearbeitet und Feedback gesammelt, um die Ausrichtung unserer Plattform zu gestalten. Dieses Feedback hat uns geholfen, wichtige Aktualisierungen zu verfeinern und einzuf\u00fchren \u2013 sowohl f\u00fcr das Produkt als auch f\u00fcr unser Gesch\u00e4ftsmodell.<\/p><p data-start=\"458\" data-end=\"670\">Von 2018 bis heute hat sich Scratcher von einer Idee im Fr\u00fchstadium zu einem bew\u00e4hrten, schnell wachsenden Unternehmen entwickelt. Was als Konzept begann, ist heute eine f\u00fchrende Plattform auf dem Gamification-Markt \u2013 und wir fangen gerade erst an.<\/p><p data-start=\"672\" data-end=\"906\">Unser Team aus \u00fcber 20 engagierten Fachleuten konzentriert sich darauf, die intuitivste und wirkungsvollste Gamification-Plattform auf dem Markt aufzubauen. Wir setzen uns daf\u00fcr ein, dass unsere Kunden erfolgreich sind und ihre Ziele mit Scratcher erreichen.<\/p><p data-start=\"908\" data-end=\"1272\">Heute bieten wir mehr als 100 gebrauchsfertige, spielerische Konzepte und Vorlagen \u2013 jedes davon wurde entwickelt, um spezifische gesch\u00e4ftliche Herausforderungen zu l\u00f6sen, von der Lead-Generierung und Produktentdeckung bis hin zu Treueprogrammen und der Erfassung von Erstanbieterdaten. Ob Sie im E-Commerce, im Einzelhandel oder im B2B-Bereich t\u00e4tig sind, unsere Formate helfen Marken, ihr Publikum anzusprechen, die Konversion zu steigern und messbare Ergebnisse zu erzielen.<\/p><p data-start=\"1274\" data-end=\"1392\">Wir arbeiten mit Marken in \u00fcber 25 L\u00e4ndern zusammen \u2013 und freuen uns darauf, noch mehr Unternehmen die Leistungsf\u00e4higkeit der Gamification n\u00e4herzubringen.<\/p>\t\t\t\t\t\t<\/div>\n\t\t\t\t<\/div>\n\t\t\t\t<div class=\"elementor-element elementor-element-81a3cea elementor-hidden-desktop elementor-hidden-tablet elementor-widget elementor-widget-image\" data-id=\"81a3cea\" data-element_type=\"widget\" data-widget_type=\"image.default\">\n\t\t\t\t<div class=\"elementor-widget-container\">\n\t\t\t\t\t\t\t\t\t\t\t\t\t<img fetchpriority=\"high\" decoding=\"async\" width=\"768\" height=\"1092\" src=\"https:\/\/scratcher.io\/wp-content\/uploads\/2025\/06\/Presentation-16_9-1920x1080-px-Custom-dimensions-1-768x1092.png\" class=\"attachment-medium_large size-medium_large wp-image-61962\" alt=\"\" srcset=\"https:\/\/scratcher.io\/wp-content\/uploads\/2025\/06\/Presentation-16_9-1920x1080-px-Custom-dimensions-1-768x1092.png 768w, https:\/\/scratcher.io\/wp-content\/uploads\/2025\/06\/Presentation-16_9-1920x1080-px-Custom-dimensions-1-211x300.png 211w, https:\/\/scratcher.io\/wp-content\/uploads\/2025\/06\/Presentation-16_9-1920x1080-px-Custom-dimensions-1-720x1024.png 720w, https:\/\/scratcher.io\/wp-content\/uploads\/2025\/06\/Presentation-16_9-1920x1080-px-Custom-dimensions-1-1080x1536.png 1080w, https:\/\/scratcher.io\/wp-content\/uploads\/2025\/06\/Presentation-16_9-1920x1080-px-Custom-dimensions-1.png 1284w\" sizes=\"(max-width: 768px) 100vw, 768px\" \/>\t\t\t\t\t\t\t\t\t\t\t\t\t<\/div>\n\t\t\t\t<\/div>\n\t\t\t\t\t<\/div>\n\t\t<\/div>\n\t\t\t\t\t<\/div>\n\t\t<\/section>\n\t\t\t\t<section class=\"elementor-section elementor-top-section elementor-element elementor-element-c3d69d3 elementor-section-boxed elementor-section-height-default elementor-section-height-default\" data-id=\"c3d69d3\" data-element_type=\"section\">\n\t\t\t\t\t\t<div class=\"elementor-container elementor-column-gap-default\">\n\t\t\t\t\t<div class=\"elementor-column elementor-col-50 elementor-top-column elementor-element elementor-element-30b2697\" data-id=\"30b2697\" data-element_type=\"column\">\n\t\t\t<div class=\"elementor-widget-wrap elementor-element-populated\">\n\t\t\t\t\t\t<div class=\"elementor-element elementor-element-a793558 elementor-widget elementor-widget-heading\" data-id=\"a793558\" data-element_type=\"widget\" data-widget_type=\"heading.default\">\n\t\t\t\t<div class=\"elementor-widget-container\">\n\t\t\t<h5 class=\"elementor-heading-title elementor-size-default\">Gr\u00fcnder<\/h5>\t\t<\/div>\n\t\t\t\t<\/div>\n\t\t\t\t<div class=\"elementor-element elementor-element-1f05011 elementor-widget elementor-widget-heading\" data-id=\"1f05011\" data-element_type=\"widget\" data-widget_type=\"heading.default\">\n\t\t\t\t<div class=\"elementor-widget-container\">\n\t\t\t<h1 class=\"elementor-heading-title elementor-size-default\">Unsere Werte\n<\/h1>\t\t<\/div>\n\t\t\t\t<\/div>\n\t\t\t\t<div class=\"elementor-element elementor-element-af45822 elementor-widget elementor-widget-text-editor\" data-id=\"af45822\" data-element_type=\"widget\" data-widget_type=\"text-editor.default\">\n\t\t\t\t<div class=\"elementor-widget-container\">\n\t\t\t\t\t\t\t<p data-start=\"145\" data-end=\"437\">Bei Scratcher bauen wir mehr als nur eine Plattform \u2013 wir bauen ein langfristiges, nachhaltiges Unternehmen auf, das auf gemeinsamer Leidenschaft und gemeinsamen Zielen basiert. Wir glauben, dass die Grundlage f\u00fcr diese Reise in der Zusammenarbeit mit engagierten, motivierten Menschen liegt, denen die Arbeit, die sie leisten, und die Auswirkungen, die sie erzielt, am Herzen liegen.<\/p><p data-start=\"439\" data-end=\"674\">Unsere Leidenschaft liegt darin, Unternehmen dabei zu helfen, Gamification zu erforschen, zu erlernen und damit erfolgreich zu sein. Von Onboarding und Schulungen bis hin zur langfristigen Strategie erm\u00f6glichen wir unseren Kunden, interaktive Erlebnisse zu integrieren, die echte gesch\u00e4ftliche Herausforderungen l\u00f6sen.<\/p><p data-start=\"676\" data-end=\"919\">Wir gehen dies mit Energie, fundiertem Produktwissen und einem ausgepr\u00e4gten kommerziellen Verst\u00e4ndnis an. Unser Ziel ist es nicht nur, Kunden dabei zu helfen, ihre Ziele zu erreichen, sondern auch, mit ihnen zu wachsen und dauerhafte Partnerschaften aufzubauen, die Jahr f\u00fcr Jahr einen Mehrwert bieten.<\/p><p data-start=\"921\" data-end=\"1199\">Wir glauben auch, dass unsere Teamkultur der Schl\u00fcssel zu allem ist, was wir tun. Die abteilungs\u00fcbergreifende Zusammenarbeit stellt sicher, dass wir aufeinander abgestimmt, motiviert und kreativ bleiben. Jeder bei Scratcher versteht unsere Mission und arbeitet auf eine gemeinsame Vision des Wachstums hin \u2013 Tag f\u00fcr Tag, Monat f\u00fcr Monat und Jahr f\u00fcr Jahr.<\/p><p data-start=\"1201\" data-end=\"1261\">\u2013 Henrik Lund &amp; Casper Christiansen,<br data-start=\"1237\" data-end=\"1240\">Gr\u00fcnder von Scratcher<\/p>\t\t\t\t\t\t<\/div>\n\t\t\t\t<\/div>\n\t\t\t\t\t<\/div>\n\t\t<\/div>\n\t\t\t\t<div class=\"elementor-column elementor-col-50 elementor-top-column elementor-element elementor-element-db966cb\" data-id=\"db966cb\" data-element_type=\"column\">\n\t\t\t<div class=\"elementor-widget-wrap elementor-element-populated\">\n\t\t\t\t\t\t<div class=\"elementor-element elementor-element-53a3249 elementor-widget elementor-widget-image\" data-id=\"53a3249\" data-element_type=\"widget\" data-widget_type=\"image.default\">\n\t\t\t\t<div class=\"elementor-widget-container\">\n\t\t\t\t\t\t\t\t\t\t\t\t\t<img decoding=\"async\" width=\"642\" height=\"913\" src=\"https:\/\/scratcher.io\/wp-content\/uploads\/2022\/10\/01-About-us.png\" class=\"attachment-large size-large wp-image-61957\" alt=\"\" \/>\t\t\t\t\t\t\t\t\t\t\t\t\t<\/div>\n\t\t\t\t<\/div>\n\t\t\t\t\t<\/div>\n\t\t<\/div>\n\t\t\t\t\t<\/div>\n\t\t<\/section>\n\t\t\t\t<\/div>\n\t\t","protected":false},"excerpt":{"rendered":"<p>\u00dcber das Scratcher-Team Lernen Sie das Team kennen Unsere Geschichte Wir helfen Unternehmen, ihr Publikum durch Gamification anzusprechen Wir sind 2017 mit der Einf\u00fchrung von Scratcher 1.0 in den Gamification-Bereich eingestiegen. In unserem ersten Jahr haben wir eng mit \u00fcber 100 Unternehmen zusammengearbeitet und Feedback gesammelt, um die Ausrichtung unserer Plattform zu gestalten. Dieses Feedback [&hellip;]<\/p>\n","protected":false},"author":19,"featured_media":55457,"parent":0,"menu_order":0,"comment_status":"closed","ping_status":"closed","template":"","meta":{"inline_featured_image":false,"_monsterinsights_skip_tracking":false,"_monsterinsights_sitenote_active":false,"_monsterinsights_sitenote_note":"","_monsterinsights_sitenote_category":0,"postBodyCss":"","postBodyMargin":[],"postBodyPadding":[],"postBodyBackground":{"backgroundType":"classic","gradient":""},"footnotes":""},"class_list":["post-58213","page","type-page","status-publish","has-post-thumbnail","hentry"],"yoast_head":"<!-- This site is optimized with the Yoast SEO plugin v23.9 - https:\/\/yoast.com\/wordpress\/plugins\/seo\/ -->\n<title>\u00dcber uns | Unsere Reise und Bem\u00fchungen zur Gamification - Scratcher<\/title>\n<meta name=\"description\" content=\"D\u00e4nisches Unternehmen (gegr. 2017) f\u00fcr Gamification.\" \/>\n<meta name=\"robots\" content=\"index, follow, max-snippet:-1, max-image-preview:large, max-video-preview:-1\" \/>\n<link rel=\"canonical\" href=\"https:\/\/scratcher.io\/de\/ueber\/\" \/>\n<meta property=\"og:locale\" content=\"de_DE\" \/>\n<meta property=\"og:type\" content=\"article\" \/>\n<meta property=\"og:title\" content=\"Wir helfen Unternehmen, ihr Publikum durch Gamification anzusprechen\" \/>\n<meta property=\"og:description\" content=\"Wir wurden 2017 gegr\u00fcndet und sind ein d\u00e4nisches Unternehmen mit dem Ziel, jedem Unternehmen, ob gro\u00df oder klein, die M\u00f6glichkeit zu bieten, Gamification zu nutzen.\" \/>\n<meta property=\"og:url\" content=\"https:\/\/scratcher.io\/de\/ueber\/\" \/>\n<meta property=\"og:site_name\" content=\"Scratcher\" \/>\n<meta property=\"article:modified_time\" content=\"2025-10-31T10:20:05+00:00\" \/>\n<meta property=\"og:image\" content=\"https:\/\/green-bird.scratcher.io\/wp-content\/uploads\/2022\/09\/LOGO-MARK-512x512-1.png\" \/>\n<meta name=\"twitter:card\" content=\"summary_large_image\" \/>\n<meta name=\"twitter:title\" content=\"Wir helfen Unternehmen, ihr Publikum durch Gamification anzusprechen\" \/>\n<meta name=\"twitter:description\" content=\"Wir wurden 2017 gegr\u00fcndet und sind ein d\u00e4nisches Unternehmen mit dem Ziel, jedem Unternehmen, ob gro\u00df oder klein, die M\u00f6glichkeit zu bieten, Gamification zu nutzen.\" \/>\n<meta name=\"twitter:image\" content=\"https:\/\/green-bird.scratcher.io\/wp-content\/uploads\/2022\/09\/LOGO-MARK-512x512-1.png\" \/>\n<meta name=\"twitter:label1\" content=\"Gesch\u00e4tzte Lesezeit\" \/>\n\t<meta name=\"twitter:data1\" content=\"2\u00a0Minuten\" \/>\n<script type=\"application\/ld+json\" class=\"yoast-schema-graph\">{\"@context\":\"https:\/\/schema.org\",\"@graph\":[{\"@type\":\"WebPage\",\"@id\":\"https:\/\/scratcher.io\/de\/ueber\/\",\"url\":\"https:\/\/scratcher.io\/de\/ueber\/\",\"name\":\"\u00dcber uns | Unsere Reise und Bem\u00fchungen zur Gamification - Scratcher\",\"isPartOf\":{\"@id\":\"https:\/\/scratcher.io\/de\/#website\"},\"primaryImageOfPage\":{\"@id\":\"https:\/\/scratcher.io\/de\/ueber\/#primaryimage\"},\"image\":{\"@id\":\"https:\/\/scratcher.io\/de\/ueber\/#primaryimage\"},\"thumbnailUrl\":\"\",\"datePublished\":\"2020-08-02T10:35:43+00:00\",\"dateModified\":\"2025-10-31T10:20:05+00:00\",\"description\":\"D\u00e4nisches Unternehmen (gegr. 2017) f\u00fcr Gamification.\",\"breadcrumb\":{\"@id\":\"https:\/\/scratcher.io\/de\/ueber\/#breadcrumb\"},\"inLanguage\":\"de\",\"potentialAction\":[{\"@type\":\"ReadAction\",\"target\":[\"https:\/\/scratcher.io\/de\/ueber\/\"]}]},{\"@type\":\"ImageObject\",\"inLanguage\":\"de\",\"@id\":\"https:\/\/scratcher.io\/de\/ueber\/#primaryimage\",\"url\":\"\",\"contentUrl\":\"\"},{\"@type\":\"BreadcrumbList\",\"@id\":\"https:\/\/scratcher.io\/de\/ueber\/#breadcrumb\",\"itemListElement\":[{\"@type\":\"ListItem\",\"position\":1,\"name\":\"Home\",\"item\":\"https:\/\/scratcher.io\/de\/\"},{\"@type\":\"ListItem\",\"position\":2,\"name\":\"\u00dcber uns\"}]},{\"@type\":\"WebSite\",\"@id\":\"https:\/\/scratcher.io\/de\/#website\",\"url\":\"https:\/\/scratcher.io\/de\/\",\"name\":\"Scratcher\",\"description\":\"Gamification Marketing Platform\",\"potentialAction\":[{\"@type\":\"SearchAction\",\"target\":{\"@type\":\"EntryPoint\",\"urlTemplate\":\"https:\/\/scratcher.io\/de\/?s={search_term_string}\"},\"query-input\":{\"@type\":\"PropertyValueSpecification\",\"valueRequired\":true,\"valueName\":\"search_term_string\"}}],\"inLanguage\":\"de\"}]}<\/script>\n<!-- \/ Yoast SEO plugin. -->","yoast_head_json":{"title":"\u00dcber uns | Unsere Reise und Bem\u00fchungen zur Gamification - Scratcher","description":"D\u00e4nisches Unternehmen (gegr. 2017) f\u00fcr Gamification.","robots":{"index":"index","follow":"follow","max-snippet":"max-snippet:-1","max-image-preview":"max-image-preview:large","max-video-preview":"max-video-preview:-1"},"canonical":"https:\/\/scratcher.io\/de\/ueber\/","og_locale":"de_DE","og_type":"article","og_title":"Wir helfen Unternehmen, ihr Publikum durch Gamification anzusprechen","og_description":"Wir wurden 2017 gegr\u00fcndet und sind ein d\u00e4nisches Unternehmen mit dem Ziel, jedem Unternehmen, ob gro\u00df oder klein, die M\u00f6glichkeit zu bieten, Gamification zu nutzen.","og_url":"https:\/\/scratcher.io\/de\/ueber\/","og_site_name":"Scratcher","article_modified_time":"2025-10-31T10:20:05+00:00","og_image":[{"url":"https:\/\/green-bird.scratcher.io\/wp-content\/uploads\/2022\/09\/LOGO-MARK-512x512-1.png"}],"twitter_card":"summary_large_image","twitter_title":"Wir helfen Unternehmen, ihr Publikum durch Gamification anzusprechen","twitter_description":"Wir wurden 2017 gegr\u00fcndet und sind ein d\u00e4nisches Unternehmen mit dem Ziel, jedem Unternehmen, ob gro\u00df oder klein, die M\u00f6glichkeit zu bieten, Gamification zu nutzen.","twitter_image":"https:\/\/green-bird.scratcher.io\/wp-content\/uploads\/2022\/09\/LOGO-MARK-512x512-1.png","twitter_misc":{"Gesch\u00e4tzte Lesezeit":"2\u00a0Minuten"},"schema":{"@context":"https:\/\/schema.org","@graph":[{"@type":"WebPage","@id":"https:\/\/scratcher.io\/de\/ueber\/","url":"https:\/\/scratcher.io\/de\/ueber\/","name":"\u00dcber uns | Unsere Reise und Bem\u00fchungen zur Gamification - Scratcher","isPartOf":{"@id":"https:\/\/scratcher.io\/de\/#website"},"primaryImageOfPage":{"@id":"https:\/\/scratcher.io\/de\/ueber\/#primaryimage"},"image":{"@id":"https:\/\/scratcher.io\/de\/ueber\/#primaryimage"},"thumbnailUrl":"","datePublished":"2020-08-02T10:35:43+00:00","dateModified":"2025-10-31T10:20:05+00:00","description":"D\u00e4nisches Unternehmen (gegr. 2017) f\u00fcr Gamification.","breadcrumb":{"@id":"https:\/\/scratcher.io\/de\/ueber\/#breadcrumb"},"inLanguage":"de","potentialAction":[{"@type":"ReadAction","target":["https:\/\/scratcher.io\/de\/ueber\/"]}]},{"@type":"ImageObject","inLanguage":"de","@id":"https:\/\/scratcher.io\/de\/ueber\/#primaryimage","url":"","contentUrl":""},{"@type":"BreadcrumbList","@id":"https:\/\/scratcher.io\/de\/ueber\/#breadcrumb","itemListElement":[{"@type":"ListItem","position":1,"name":"Home","item":"https:\/\/scratcher.io\/de\/"},{"@type":"ListItem","position":2,"name":"\u00dcber uns"}]},{"@type":"WebSite","@id":"https:\/\/scratcher.io\/de\/#website","url":"https:\/\/scratcher.io\/de\/","name":"Scratcher","description":"Gamification Marketing Platform","potentialAction":[{"@type":"SearchAction","target":{"@type":"EntryPoint","urlTemplate":"https:\/\/scratcher.io\/de\/?s={search_term_string}"},"query-input":{"@type":"PropertyValueSpecification","valueRequired":true,"valueName":"search_term_string"}}],"inLanguage":"de"}]}},"_links":{"self":[{"href":"https:\/\/scratcher.io\/de\/wp-json\/wp\/v2\/pages\/58213","targetHints":{"allow":["GET"]}}],"collection":[{"href":"https:\/\/scratcher.io\/de\/wp-json\/wp\/v2\/pages"}],"about":[{"href":"https:\/\/scratcher.io\/de\/wp-json\/wp\/v2\/types\/page"}],"author":[{"embeddable":true,"href":"https:\/\/scratcher.io\/de\/wp-json\/wp\/v2\/users\/19"}],"replies":[{"embeddable":true,"href":"https:\/\/scratcher.io\/de\/wp-json\/wp\/v2\/comments?post=58213"}],"version-history":[{"count":1,"href":"https:\/\/scratcher.io\/de\/wp-json\/wp\/v2\/pages\/58213\/revisions"}],"predecessor-version":[{"id":61963,"href":"https:\/\/scratcher.io\/de\/wp-json\/wp\/v2\/pages\/58213\/revisions\/61963"}],"wp:featuredmedia":[{"embeddable":true,"href":"https:\/\/scratcher.io\/de\/wp-json\/"}],"wp:attachment":[{"href":"https:\/\/scratcher.io\/de\/wp-json\/wp\/v2\/media?parent=58213"}],"curies":[{"name":"wp","href":"https:\/\/api.w.org\/{rel}","templated":true}]}}