{"id":58227,"date":"2020-06-17T11:57:04","date_gmt":"2020-06-17T09:57:04","guid":{"rendered":"https:\/\/scratcher.io\/umsatz-steigern\/"},"modified":"2025-10-31T11:26:52","modified_gmt":"2025-10-31T10:26:52","slug":"umsatz-steigern","status":"publish","type":"page","link":"https:\/\/scratcher.io\/de\/umsatz-steigern\/","title":{"rendered":"Umsatz steigern"},"content":{"rendered":"\t\t<div data-elementor-type=\"wp-page\" data-elementor-id=\"58227\" class=\"elementor elementor-58227 elementor-751\" data-elementor-post-type=\"page\">\n\t\t\t\t\t\t<section class=\"elementor-section elementor-top-section elementor-element elementor-element-2838769e elementor-section-boxed elementor-section-height-default elementor-section-height-default\" data-id=\"2838769e\" data-element_type=\"section\" data-settings=\"{&quot;background_background&quot;:&quot;classic&quot;}\">\n\t\t\t\t\t\t<div class=\"elementor-container elementor-column-gap-default\">\n\t\t\t\t\t<div class=\"elementor-column elementor-col-100 elementor-top-column elementor-element elementor-element-2fdd3825\" data-id=\"2fdd3825\" data-element_type=\"column\">\n\t\t\t<div class=\"elementor-widget-wrap elementor-element-populated\">\n\t\t\t\t\t\t<div class=\"elementor-element elementor-element-4598f440 elementor-widget elementor-widget-heading\" data-id=\"4598f440\" data-element_type=\"widget\" data-widget_type=\"heading.default\">\n\t\t\t\t<div class=\"elementor-widget-container\">\n\t\t\t<h5 class=\"elementor-heading-title elementor-size-default\">Umsatz steigern<\/h5>\t\t<\/div>\n\t\t\t\t<\/div>\n\t\t\t\t<div class=\"elementor-element elementor-element-62f6a9b0 elementor-widget elementor-widget-heading\" data-id=\"62f6a9b0\" data-element_type=\"widget\" data-widget_type=\"heading.default\">\n\t\t\t\t<div class=\"elementor-widget-container\">\n\t\t\t<h1 class=\"elementor-heading-title elementor-size-default\">Steigern Sie Ihren Umsatz mit Gamification<\/h1>\t\t<\/div>\n\t\t\t\t<\/div>\n\t\t\t\t<div class=\"elementor-element elementor-element-6fadd8fc elementor-widget elementor-widget-text-editor\" data-id=\"6fadd8fc\" data-element_type=\"widget\" data-widget_type=\"text-editor.default\">\n\t\t\t\t<div class=\"elementor-widget-container\">\n\t\t\t\t\t\t\t<p>Bieten Sie Ihren Besuchern ein unterhaltsames und verlockendes Erlebnis und beobachten Sie, wie Ihr Umsatz steigt<\/p>\t\t\t\t\t\t<\/div>\n\t\t\t\t<\/div>\n\t\t\t\t\t<\/div>\n\t\t<\/div>\n\t\t\t\t\t<\/div>\n\t\t<\/section>\n\t\t\t\t<section class=\"elementor-section elementor-top-section elementor-element elementor-element-546c328e elementor-section-boxed elementor-section-height-default elementor-section-height-default\" data-id=\"546c328e\" data-element_type=\"section\" data-settings=\"{&quot;background_background&quot;:&quot;classic&quot;}\">\n\t\t\t\t\t\t<div class=\"elementor-container elementor-column-gap-default\">\n\t\t\t\t\t<div class=\"elementor-column elementor-col-100 elementor-top-column elementor-element elementor-element-78410f5f\" data-id=\"78410f5f\" data-element_type=\"column\">\n\t\t\t<div class=\"elementor-widget-wrap\">\n\t\t\t\t\t\t\t<\/div>\n\t\t<\/div>\n\t\t\t\t\t<\/div>\n\t\t<\/section>\n\t\t\t\t<section class=\"elementor-section elementor-top-section elementor-element elementor-element-176cbbc8 elementor-section-boxed elementor-section-height-default elementor-section-height-default\" data-id=\"176cbbc8\" data-element_type=\"section\">\n\t\t\t\t\t\t<div class=\"elementor-container elementor-column-gap-default\">\n\t\t\t\t\t<div class=\"elementor-column elementor-col-100 elementor-top-column elementor-element elementor-element-39a1bfe4\" data-id=\"39a1bfe4\" data-element_type=\"column\">\n\t\t\t<div class=\"elementor-widget-wrap elementor-element-populated\">\n\t\t\t\t\t\t<div class=\"elementor-element elementor-element-743c9001 elementor-widget elementor-widget-heading\" data-id=\"743c9001\" data-element_type=\"widget\" data-widget_type=\"heading.default\">\n\t\t\t\t<div class=\"elementor-widget-container\">\n\t\t\t<h1 class=\"elementor-heading-title elementor-size-default\">Wie kann Gamification dazu beitragen, Ihren Umsatz zu steigern?<\/h1>\t\t<\/div>\n\t\t\t\t<\/div>\n\t\t\t\t<div class=\"elementor-element elementor-element-26b5bc42 elementor-widget elementor-widget-text-editor\" data-id=\"26b5bc42\" data-element_type=\"widget\" data-widget_type=\"text-editor.default\">\n\t\t\t\t<div class=\"elementor-widget-container\">\n\t\t\t\t\t\t\t<p>Indem Sie f\u00fcr jeden Besucher ein unvergessliches Erlebnis schaffen, hebt sich Ihre Marke von der Masse ab. Bieten Sie nicht einfach nur einen Rabatt an, sondern machen Sie ihn mit sofortigen Belohnungen wertvoll und erf\u00fcllend. Die Wahrscheinlichkeit, dass ein Rabattcode verwendet wird, ist gr\u00f6\u00dfer, wenn er gewonnen wurde. Gamification-Marketing mit Einf\u00fchrungspr\u00e4mien, Rabattangeboten und Treueprogrammen hilft Ihnen, Ihren Umsatz zu steigern und, noch besser, loyale, wiederkehrende Kunden zu gewinnen.<\/p>\t\t\t\t\t\t<\/div>\n\t\t\t\t<\/div>\n\t\t\t\t<div class=\"elementor-element elementor-element-7a7d2462 elementor-widget elementor-widget-image\" data-id=\"7a7d2462\" data-element_type=\"widget\" data-widget_type=\"image.default\">\n\t\t\t\t<div class=\"elementor-widget-container\">\n\t\t\t\t\t\t\t\t\t\t\t\t\t<img fetchpriority=\"high\" decoding=\"async\" width=\"800\" height=\"458\" src=\"https:\/\/scratcher.io\/wp-content\/uploads\/2022\/10\/01-Increase-Sales-1.png\" class=\"attachment-large size-large wp-image-29695\" alt=\"\" \/>\t\t\t\t\t\t\t\t\t\t\t\t\t<\/div>\n\t\t\t\t<\/div>\n\t\t\t\t\t<\/div>\n\t\t<\/div>\n\t\t\t\t\t<\/div>\n\t\t<\/section>\n\t\t\t\t<section class=\"elementor-section elementor-top-section elementor-element elementor-element-3839fef5 elementor-section-boxed elementor-section-height-default elementor-section-height-default\" data-id=\"3839fef5\" data-element_type=\"section\">\n\t\t\t\t\t\t<div class=\"elementor-container elementor-column-gap-default\">\n\t\t\t\t\t<div class=\"elementor-column elementor-col-100 elementor-top-column elementor-element elementor-element-5abbb52e\" data-id=\"5abbb52e\" data-element_type=\"column\">\n\t\t\t<div class=\"elementor-widget-wrap elementor-element-populated\">\n\t\t\t\t\t\t<div class=\"elementor-element elementor-element-32e1c8f3 elementor-widget elementor-widget-heading\" data-id=\"32e1c8f3\" data-element_type=\"widget\" data-widget_type=\"heading.default\">\n\t\t\t\t<div class=\"elementor-widget-container\">\n\t\t\t<h3 class=\"elementor-heading-title elementor-size-default\">Sofortige Belohnung f\u00fcr neue Besucher.<\/h3>\t\t<\/div>\n\t\t\t\t<\/div>\n\t\t\t\t<div class=\"elementor-element elementor-element-5ef42154 elementor-widget elementor-widget-text-editor\" data-id=\"5ef42154\" data-element_type=\"widget\" data-widget_type=\"text-editor.default\">\n\t\t\t\t<div class=\"elementor-widget-container\">\n\t\t\t\t\t\t\t<p>Warum sollten Sie Ihre neuen Besucher nicht mit einem Gewinn beginnen lassen? Ein kleiner Anreiz mit gro\u00dfer Wirkung: Geben Sie neuen Besuchern direkt die Chance, einen Gewinn oder Rabatt zu erhalten \u2013 und sorgen Sie so f\u00fcr Begeisterung vom ersten Moment an. Dieses Zeichen des guten Willens f\u00fchrt h\u00f6chstwahrscheinlich zu einem Besuch in Ihrem Webshop oder Gesch\u00e4ft, der sich in Zukunft auszahlt.<\/p>\t\t\t\t\t\t<\/div>\n\t\t\t\t<\/div>\n\t\t\t\t\t<\/div>\n\t\t<\/div>\n\t\t\t\t\t<\/div>\n\t\t<\/section>\n\t\t\t\t<section class=\"elementor-section elementor-top-section elementor-element elementor-element-7cd9ec0f elementor-section-boxed elementor-section-height-default elementor-section-height-default\" data-id=\"7cd9ec0f\" data-element_type=\"section\">\n\t\t\t\t\t\t<div class=\"elementor-container elementor-column-gap-default\">\n\t\t\t\t\t<div class=\"elementor-column elementor-col-50 elementor-top-column elementor-element elementor-element-3745bd0c\" data-id=\"3745bd0c\" data-element_type=\"column\" data-settings=\"{&quot;background_background&quot;:&quot;classic&quot;}\">\n\t\t\t<div class=\"elementor-widget-wrap elementor-element-populated\">\n\t\t\t\t\t\t<div class=\"elementor-element elementor-element-1b516fb5 elementor-widget elementor-widget-image\" data-id=\"1b516fb5\" data-element_type=\"widget\" data-widget_type=\"image.default\">\n\t\t\t\t<div class=\"elementor-widget-container\">\n\t\t\t\t\t\t\t\t\t\t\t\t\t<img decoding=\"async\" width=\"599\" height=\"635\" src=\"https:\/\/scratcher.io\/wp-content\/uploads\/2022\/10\/02-Increase-Sales.png\" class=\"attachment-large size-large wp-image-29696\" alt=\"Increase Sales\" \/>\t\t\t\t\t\t\t\t\t\t\t\t\t<\/div>\n\t\t\t\t<\/div>\n\t\t\t\t<div class=\"elementor-element elementor-element-1105ee19 elementor-absolute elementor-widget__width-auto elementor-widget elementor-widget-image\" data-id=\"1105ee19\" data-element_type=\"widget\" data-settings=\"{&quot;_position&quot;:&quot;absolute&quot;}\" data-widget_type=\"image.default\">\n\t\t\t\t<div class=\"elementor-widget-container\">\n\t\t\t\t\t\t\t\t\t\t\t\t\t<img decoding=\"async\" width=\"214\" height=\"188\" src=\"https:\/\/scratcher.io\/wp-content\/uploads\/2022\/10\/greendots.png\" class=\"attachment-large size-large wp-image-28822\" alt=\"\" \/>\t\t\t\t\t\t\t\t\t\t\t\t\t<\/div>\n\t\t\t\t<\/div>\n\t\t\t\t\t<\/div>\n\t\t<\/div>\n\t\t\t\t<div class=\"elementor-column elementor-col-50 elementor-top-column elementor-element elementor-element-7ea2bdac\" data-id=\"7ea2bdac\" data-element_type=\"column\" data-settings=\"{&quot;background_background&quot;:&quot;classic&quot;}\">\n\t\t\t<div class=\"elementor-widget-wrap elementor-element-populated\">\n\t\t\t\t\t\t<div class=\"elementor-element elementor-element-7874ee38 elementor-absolute elementor-widget__width-auto elementor-widget elementor-widget-image\" data-id=\"7874ee38\" data-element_type=\"widget\" data-settings=\"{&quot;_position&quot;:&quot;absolute&quot;}\" data-widget_type=\"image.default\">\n\t\t\t\t<div class=\"elementor-widget-container\">\n\t\t\t\t\t\t\t\t\t\t\t\t\t<img loading=\"lazy\" decoding=\"async\" width=\"218\" height=\"47\" src=\"https:\/\/scratcher.io\/wp-content\/uploads\/2022\/10\/Purplewave.png\" class=\"attachment-large size-large wp-image-28846\" alt=\"\" \/>\t\t\t\t\t\t\t\t\t\t\t\t\t<\/div>\n\t\t\t\t<\/div>\n\t\t\t\t<div class=\"elementor-element elementor-element-27435ac8 elementor-widget elementor-widget-heading\" data-id=\"27435ac8\" data-element_type=\"widget\" data-widget_type=\"heading.default\">\n\t\t\t\t<div class=\"elementor-widget-container\">\n\t\t\t<h3 class=\"elementor-heading-title elementor-size-default\">Gamification verbessert die Kundenbindung<\/h3>\t\t<\/div>\n\t\t\t\t<\/div>\n\t\t\t\t<div class=\"elementor-element elementor-element-198fb653 elementor-widget elementor-widget-text-editor\" data-id=\"198fb653\" data-element_type=\"widget\" data-widget_type=\"text-editor.default\">\n\t\t\t\t<div class=\"elementor-widget-container\">\n\t\t\t\t\t\t\t<p>Gamification ist zwar ein gro\u00dfartiges Akquisitionstool, kann aber auch ein sehr effektives Instrument zur Kundenbindung sein. Engagierte Kunden bleiben eher loyal und wenden sich bei zuk\u00fcnftigen K\u00e4ufen an Ihr Unternehmen. Mit interaktiven Erlebnissen k\u00f6nnen Sie Ihre Kunden motivieren und ihr Engagement f\u00fcr Ihr Unternehmen steigern.<\/p><p>Verfallen Sie nicht dem Irrglauben, dass Gamification nur zur Leadgenerierung oder Datenerfassung eingesetzt werden kann &#8211; belohnen Sie stattdessen Ihre treuen Kunden, und Sie werden beide gewinnen!<\/p>\t\t\t\t\t\t<\/div>\n\t\t\t\t<\/div>\n\t\t\t\t\t<\/div>\n\t\t<\/div>\n\t\t\t\t\t<\/div>\n\t\t<\/section>\n\t\t\t\t<section class=\"elementor-section elementor-top-section elementor-element elementor-element-a4053b6 elementor-section-boxed elementor-section-height-default elementor-section-height-default\" data-id=\"a4053b6\" data-element_type=\"section\">\n\t\t\t\t\t\t<div class=\"elementor-container elementor-column-gap-default\">\n\t\t\t\t\t<div class=\"elementor-column elementor-col-100 elementor-top-column elementor-element elementor-element-58ff96c6\" data-id=\"58ff96c6\" data-element_type=\"column\">\n\t\t\t<div class=\"elementor-widget-wrap elementor-element-populated\">\n\t\t\t\t\t\t<div class=\"elementor-element elementor-element-402332d elementor-widget elementor-widget-heading\" data-id=\"402332d\" data-element_type=\"widget\" data-widget_type=\"heading.default\">\n\t\t\t\t<div class=\"elementor-widget-container\">\n\t\t\t<h3 class=\"elementor-heading-title elementor-size-default\">Geben Sie etwas zur\u00fcck<\/h3>\t\t<\/div>\n\t\t\t\t<\/div>\n\t\t\t\t<div class=\"elementor-element elementor-element-2af520f1 elementor-widget elementor-widget-text-editor\" data-id=\"2af520f1\" data-element_type=\"widget\" data-widget_type=\"text-editor.default\">\n\t\t\t\t<div class=\"elementor-widget-container\">\n\t\t\t\t\t\t\t<p>Nutzen Sie Gamification, um Ihren treuen Kunden die Chance zu geben, ein Werbegeschenk, einen zeitlich begrenzten Rabatt oder exklusive Preise zu gewinnen! Bleiben Sie im Gespr\u00e4ch \u2013 mit Erlebnissen, die Erfolg sp\u00fcrbar machen und echte Wertsch\u00e4tzung zeigen. Wer wei\u00df &#8211; das k\u00f6nnte auch zu Kundenempfehlungen f\u00fchren!<\/p>\t\t\t\t\t\t<\/div>\n\t\t\t\t<\/div>\n\t\t\t\t\t<\/div>\n\t\t<\/div>\n\t\t\t\t\t<\/div>\n\t\t<\/section>\n\t\t\t\t<section class=\"elementor-section elementor-top-section elementor-element elementor-element-144ee6fc elementor-section-boxed elementor-section-height-default elementor-section-height-default\" data-id=\"144ee6fc\" data-element_type=\"section\">\n\t\t\t\t\t\t<div class=\"elementor-container elementor-column-gap-default\">\n\t\t\t\t\t<div class=\"elementor-column elementor-col-50 elementor-top-column elementor-element elementor-element-68bb7c94\" data-id=\"68bb7c94\" data-element_type=\"column\" data-settings=\"{&quot;background_background&quot;:&quot;classic&quot;}\">\n\t\t\t<div class=\"elementor-widget-wrap elementor-element-populated\">\n\t\t\t\t\t\t<div class=\"elementor-element elementor-element-4481dbbc elementor-absolute elementor-widget__width-auto elementor-widget elementor-widget-image\" data-id=\"4481dbbc\" data-element_type=\"widget\" data-settings=\"{&quot;_position&quot;:&quot;absolute&quot;}\" data-widget_type=\"image.default\">\n\t\t\t\t<div class=\"elementor-widget-container\">\n\t\t\t\t\t\t\t\t\t\t\t\t\t<img loading=\"lazy\" decoding=\"async\" width=\"218\" height=\"47\" src=\"https:\/\/scratcher.io\/wp-content\/uploads\/2022\/10\/Purplewave.png\" class=\"attachment-large size-large wp-image-28846\" alt=\"\" \/>\t\t\t\t\t\t\t\t\t\t\t\t\t<\/div>\n\t\t\t\t<\/div>\n\t\t\t\t<div class=\"elementor-element elementor-element-3ddc1935 elementor-widget elementor-widget-heading\" data-id=\"3ddc1935\" data-element_type=\"widget\" data-widget_type=\"heading.default\">\n\t\t\t\t<div class=\"elementor-widget-container\">\n\t\t\t<h3 class=\"elementor-heading-title elementor-size-default\">Steigern Sie den Traffic in Ihrem Gesch\u00e4ft oder Webshop<\/h3>\t\t<\/div>\n\t\t\t\t<\/div>\n\t\t\t\t<div class=\"elementor-element elementor-element-3c49184d elementor-widget elementor-widget-text-editor\" data-id=\"3c49184d\" data-element_type=\"widget\" data-widget_type=\"text-editor.default\">\n\t\t\t\t<div class=\"elementor-widget-container\">\n\t\t\t\t\t\t\t<p>Nat\u00fcrlich versucht jedes Unternehmen, seinen Umsatz zu maximieren. In der heutigen digitalen Welt kann es einen gro\u00dfen Unterschied in den Umsatzzahlen Ihres Unternehmens machen, wenn Sie sich von der Masse abheben &#8211; Gamification-Marketing ist eine bew\u00e4hrte Strategie, um Ihre CTR zu erh\u00f6hen und Ihre CPC und CAC zu senken.<\/p><p>Kontaktieren Sie uns, um zu erfahren, wie Scratcher Ihrer Marke helfen kann, sich abzuheben und die Konversion vom Besucher zum kaufenden Kunden zu steigern.<\/p>\t\t\t\t\t\t<\/div>\n\t\t\t\t<\/div>\n\t\t\t\t<div class=\"elementor-element elementor-element-52061aeb elementor-align-left elementor-tablet-align-left elementor-widget elementor-widget-button\" data-id=\"52061aeb\" data-element_type=\"widget\" data-widget_type=\"button.default\">\n\t\t\t\t<div class=\"elementor-widget-container\">\n\t\t\t\t\t\t\t<div class=\"elementor-button-wrapper\">\n\t\t\t\t\t<a class=\"elementor-button elementor-button-link elementor-size-sm\" href=\"https:\/\/scratcher.io\/de\/?page_id=58138\">\n\t\t\t\t\t\t<span class=\"elementor-button-content-wrapper\">\n\t\t\t\t\t\t\t\t\t<span class=\"elementor-button-text\">Jetzt beraten lassen<\/span>\n\t\t\t\t\t<\/span>\n\t\t\t\t\t<\/a>\n\t\t\t\t<\/div>\n\t\t\t\t\t\t<\/div>\n\t\t\t\t<\/div>\n\t\t\t\t\t<\/div>\n\t\t<\/div>\n\t\t\t\t<div class=\"elementor-column elementor-col-50 elementor-top-column elementor-element elementor-element-5535d1b5\" data-id=\"5535d1b5\" data-element_type=\"column\" data-settings=\"{&quot;background_background&quot;:&quot;classic&quot;}\">\n\t\t\t<div class=\"elementor-widget-wrap elementor-element-populated\">\n\t\t\t\t\t\t<div class=\"elementor-element elementor-element-5087a9b9 elementor-widget elementor-widget-image\" data-id=\"5087a9b9\" data-element_type=\"widget\" data-widget_type=\"image.default\">\n\t\t\t\t<div class=\"elementor-widget-container\">\n\t\t\t\t\t\t\t\t\t\t\t\t\t<img loading=\"lazy\" decoding=\"async\" width=\"630\" height=\"740\" src=\"https:\/\/scratcher.io\/wp-content\/uploads\/2022\/10\/03-Increase-Sales.png\" class=\"attachment-large size-large wp-image-29697\" alt=\"\" \/>\t\t\t\t\t\t\t\t\t\t\t\t\t<\/div>\n\t\t\t\t<\/div>\n\t\t\t\t\t<\/div>\n\t\t<\/div>\n\t\t\t\t\t<\/div>\n\t\t<\/section>\n\t\t\t\t<\/div>\n\t\t","protected":false},"excerpt":{"rendered":"<p>Increase sales Boost your revenue with gamification Offer your visitors a fun and enticing experience and watch your sales increase How can gamification help increase your sales? By creating a memorable experience for each visitor, your brand will stand out from the crowd. Don\u2019t just offer a discount, make it valuable and fulfilling with instant [&hellip;]<\/p>\n","protected":false},"author":19,"featured_media":0,"parent":0,"menu_order":0,"comment_status":"closed","ping_status":"closed","template":"","meta":{"inline_featured_image":false,"_monsterinsights_skip_tracking":false,"_monsterinsights_sitenote_active":false,"_monsterinsights_sitenote_note":"","_monsterinsights_sitenote_category":0,"postBodyCss":"","postBodyMargin":[],"postBodyPadding":[],"postBodyBackground":{"backgroundType":"classic","gradient":""},"footnotes":""},"class_list":["post-58227","page","type-page","status-publish","hentry"],"yoast_head":"<!-- This site is optimized with the Yoast SEO plugin v23.9 - https:\/\/yoast.com\/wordpress\/plugins\/seo\/ -->\n<title>Umsatzsteigerung durch Gamification - Scratcher<\/title>\n<meta name=\"description\" content=\"Schaffen Sie mit Gamification ein unvergessliches Erlebnis f\u00fcr jeden Besucher. Sie k\u00f6nnen den Umsatz steigern und, noch besser, loyale, wiederkehrende Kunden gewinnen.\" \/>\n<meta name=\"robots\" content=\"index, follow, max-snippet:-1, max-image-preview:large, max-video-preview:-1\" \/>\n<link rel=\"canonical\" href=\"https:\/\/scratcher.io\/de\/umsatz-steigern\/\" \/>\n<meta property=\"og:locale\" content=\"de_DE\" \/>\n<meta property=\"og:type\" content=\"article\" \/>\n<meta property=\"og:title\" content=\"Steigern Sie Ihren Umsatz durch Gamification\" \/>\n<meta property=\"og:description\" content=\"Schaffen Sie ein unvergessliches Erlebnis f\u00fcr jeden Besucher. Dies kann Ihnen helfen, Ihren Umsatz zu steigern und, noch besser, loyale, wiederkehrende Kunden zu gewinnen.\" \/>\n<meta property=\"og:url\" content=\"https:\/\/scratcher.io\/de\/umsatz-steigern\/\" \/>\n<meta property=\"og:site_name\" content=\"Scratcher\" \/>\n<meta property=\"article:modified_time\" content=\"2025-10-31T10:26:52+00:00\" \/>\n<meta property=\"og:image\" content=\"https:\/\/green-bird.scratcher.io\/wp-content\/uploads\/2022\/10\/02-Increase-Sales.png\" \/>\n<meta name=\"twitter:card\" content=\"summary_large_image\" \/>\n<meta name=\"twitter:title\" content=\"Steigern Sie Ihren Umsatz durch Gamification\" \/>\n<meta name=\"twitter:description\" content=\"Schaffen Sie ein unvergessliches Erlebnis f\u00fcr jeden Besucher. Dies kann Ihnen helfen, Ihren Umsatz zu steigern und, noch besser, loyale, wiederkehrende Kunden zu gewinnen.\" \/>\n<meta name=\"twitter:image\" content=\"https:\/\/green-bird.scratcher.io\/wp-content\/uploads\/2022\/10\/02-Increase-Sales.png\" \/>\n<meta name=\"twitter:label1\" content=\"Gesch\u00e4tzte Lesezeit\" \/>\n\t<meta name=\"twitter:data1\" content=\"2\u00a0Minuten\" \/>\n<script type=\"application\/ld+json\" class=\"yoast-schema-graph\">{\"@context\":\"https:\/\/schema.org\",\"@graph\":[{\"@type\":\"WebPage\",\"@id\":\"https:\/\/scratcher.io\/de\/umsatz-steigern\/\",\"url\":\"https:\/\/scratcher.io\/de\/umsatz-steigern\/\",\"name\":\"Umsatzsteigerung durch Gamification - Scratcher\",\"isPartOf\":{\"@id\":\"https:\/\/scratcher.io\/de\/#website\"},\"primaryImageOfPage\":{\"@id\":\"https:\/\/scratcher.io\/de\/umsatz-steigern\/#primaryimage\"},\"image\":{\"@id\":\"https:\/\/scratcher.io\/de\/umsatz-steigern\/#primaryimage\"},\"thumbnailUrl\":\"https:\/\/scratcher.io\/wp-content\/uploads\/2022\/10\/01-Increase-Sales-1.png\",\"datePublished\":\"2020-06-17T09:57:04+00:00\",\"dateModified\":\"2025-10-31T10:26:52+00:00\",\"description\":\"Schaffen Sie mit Gamification ein unvergessliches Erlebnis f\u00fcr jeden Besucher. Sie k\u00f6nnen den Umsatz steigern und, noch besser, loyale, wiederkehrende Kunden gewinnen.\",\"breadcrumb\":{\"@id\":\"https:\/\/scratcher.io\/de\/umsatz-steigern\/#breadcrumb\"},\"inLanguage\":\"de\",\"potentialAction\":[{\"@type\":\"ReadAction\",\"target\":[\"https:\/\/scratcher.io\/de\/umsatz-steigern\/\"]}]},{\"@type\":\"ImageObject\",\"inLanguage\":\"de\",\"@id\":\"https:\/\/scratcher.io\/de\/umsatz-steigern\/#primaryimage\",\"url\":\"https:\/\/scratcher.io\/wp-content\/uploads\/2022\/10\/01-Increase-Sales-1.png\",\"contentUrl\":\"https:\/\/scratcher.io\/wp-content\/uploads\/2022\/10\/01-Increase-Sales-1.png\"},{\"@type\":\"BreadcrumbList\",\"@id\":\"https:\/\/scratcher.io\/de\/umsatz-steigern\/#breadcrumb\",\"itemListElement\":[{\"@type\":\"ListItem\",\"position\":1,\"name\":\"Home\",\"item\":\"https:\/\/scratcher.io\/de\/\"},{\"@type\":\"ListItem\",\"position\":2,\"name\":\"Umsatz steigern\"}]},{\"@type\":\"WebSite\",\"@id\":\"https:\/\/scratcher.io\/de\/#website\",\"url\":\"https:\/\/scratcher.io\/de\/\",\"name\":\"Scratcher\",\"description\":\"Gamification Marketing Platform\",\"potentialAction\":[{\"@type\":\"SearchAction\",\"target\":{\"@type\":\"EntryPoint\",\"urlTemplate\":\"https:\/\/scratcher.io\/de\/?s={search_term_string}\"},\"query-input\":{\"@type\":\"PropertyValueSpecification\",\"valueRequired\":true,\"valueName\":\"search_term_string\"}}],\"inLanguage\":\"de\"}]}<\/script>\n<!-- \/ Yoast SEO plugin. -->","yoast_head_json":{"title":"Umsatzsteigerung durch Gamification - Scratcher","description":"Schaffen Sie mit Gamification ein unvergessliches Erlebnis f\u00fcr jeden Besucher. Sie k\u00f6nnen den Umsatz steigern und, noch besser, loyale, wiederkehrende Kunden gewinnen.","robots":{"index":"index","follow":"follow","max-snippet":"max-snippet:-1","max-image-preview":"max-image-preview:large","max-video-preview":"max-video-preview:-1"},"canonical":"https:\/\/scratcher.io\/de\/umsatz-steigern\/","og_locale":"de_DE","og_type":"article","og_title":"Steigern Sie Ihren Umsatz durch Gamification","og_description":"Schaffen Sie ein unvergessliches Erlebnis f\u00fcr jeden Besucher. Dies kann Ihnen helfen, Ihren Umsatz zu steigern und, noch besser, loyale, wiederkehrende Kunden zu gewinnen.","og_url":"https:\/\/scratcher.io\/de\/umsatz-steigern\/","og_site_name":"Scratcher","article_modified_time":"2025-10-31T10:26:52+00:00","og_image":[{"url":"https:\/\/green-bird.scratcher.io\/wp-content\/uploads\/2022\/10\/02-Increase-Sales.png"}],"twitter_card":"summary_large_image","twitter_title":"Steigern Sie Ihren Umsatz durch Gamification","twitter_description":"Schaffen Sie ein unvergessliches Erlebnis f\u00fcr jeden Besucher. Dies kann Ihnen helfen, Ihren Umsatz zu steigern und, noch besser, loyale, wiederkehrende Kunden zu gewinnen.","twitter_image":"https:\/\/green-bird.scratcher.io\/wp-content\/uploads\/2022\/10\/02-Increase-Sales.png","twitter_misc":{"Gesch\u00e4tzte Lesezeit":"2\u00a0Minuten"},"schema":{"@context":"https:\/\/schema.org","@graph":[{"@type":"WebPage","@id":"https:\/\/scratcher.io\/de\/umsatz-steigern\/","url":"https:\/\/scratcher.io\/de\/umsatz-steigern\/","name":"Umsatzsteigerung durch Gamification - Scratcher","isPartOf":{"@id":"https:\/\/scratcher.io\/de\/#website"},"primaryImageOfPage":{"@id":"https:\/\/scratcher.io\/de\/umsatz-steigern\/#primaryimage"},"image":{"@id":"https:\/\/scratcher.io\/de\/umsatz-steigern\/#primaryimage"},"thumbnailUrl":"https:\/\/scratcher.io\/wp-content\/uploads\/2022\/10\/01-Increase-Sales-1.png","datePublished":"2020-06-17T09:57:04+00:00","dateModified":"2025-10-31T10:26:52+00:00","description":"Schaffen Sie mit Gamification ein unvergessliches Erlebnis f\u00fcr jeden Besucher. Sie k\u00f6nnen den Umsatz steigern und, noch besser, loyale, wiederkehrende Kunden gewinnen.","breadcrumb":{"@id":"https:\/\/scratcher.io\/de\/umsatz-steigern\/#breadcrumb"},"inLanguage":"de","potentialAction":[{"@type":"ReadAction","target":["https:\/\/scratcher.io\/de\/umsatz-steigern\/"]}]},{"@type":"ImageObject","inLanguage":"de","@id":"https:\/\/scratcher.io\/de\/umsatz-steigern\/#primaryimage","url":"https:\/\/scratcher.io\/wp-content\/uploads\/2022\/10\/01-Increase-Sales-1.png","contentUrl":"https:\/\/scratcher.io\/wp-content\/uploads\/2022\/10\/01-Increase-Sales-1.png"},{"@type":"BreadcrumbList","@id":"https:\/\/scratcher.io\/de\/umsatz-steigern\/#breadcrumb","itemListElement":[{"@type":"ListItem","position":1,"name":"Home","item":"https:\/\/scratcher.io\/de\/"},{"@type":"ListItem","position":2,"name":"Umsatz steigern"}]},{"@type":"WebSite","@id":"https:\/\/scratcher.io\/de\/#website","url":"https:\/\/scratcher.io\/de\/","name":"Scratcher","description":"Gamification Marketing Platform","potentialAction":[{"@type":"SearchAction","target":{"@type":"EntryPoint","urlTemplate":"https:\/\/scratcher.io\/de\/?s={search_term_string}"},"query-input":{"@type":"PropertyValueSpecification","valueRequired":true,"valueName":"search_term_string"}}],"inLanguage":"de"}]}},"_links":{"self":[{"href":"https:\/\/scratcher.io\/de\/wp-json\/wp\/v2\/pages\/58227","targetHints":{"allow":["GET"]}}],"collection":[{"href":"https:\/\/scratcher.io\/de\/wp-json\/wp\/v2\/pages"}],"about":[{"href":"https:\/\/scratcher.io\/de\/wp-json\/wp\/v2\/types\/page"}],"author":[{"embeddable":true,"href":"https:\/\/scratcher.io\/de\/wp-json\/wp\/v2\/users\/19"}],"replies":[{"embeddable":true,"href":"https:\/\/scratcher.io\/de\/wp-json\/wp\/v2\/comments?post=58227"}],"version-history":[{"count":2,"href":"https:\/\/scratcher.io\/de\/wp-json\/wp\/v2\/pages\/58227\/revisions"}],"predecessor-version":[{"id":62582,"href":"https:\/\/scratcher.io\/de\/wp-json\/wp\/v2\/pages\/58227\/revisions\/62582"}],"wp:attachment":[{"href":"https:\/\/scratcher.io\/de\/wp-json\/wp\/v2\/media?parent=58227"}],"curies":[{"name":"wp","href":"https:\/\/api.w.org\/{rel}","templated":true}]}}